{"id":2794,"date":"2024-11-14T16:30:58","date_gmt":"2024-11-14T15:30:58","guid":{"rendered":"http:\/\/pourlebonheurdesloulous.fr\/?page_id=2794"},"modified":"2025-12-01T14:14:23","modified_gmt":"2025-12-01T13:14:23","slug":"tombola-noel-2024","status":"publish","type":"page","link":"https:\/\/pourlebonheurdesloulous.fr\/?page_id=2794","title":{"rendered":"TOMBOLA NO\u00cbL 2025"},"content":{"rendered":"\t\t<div data-elementor-type=\"wp-page\" data-elementor-id=\"2794\" class=\"elementor elementor-2794\">\n\t\t\t\t<div class=\"elementor-element elementor-element-11ba47c e-flex e-con-boxed e-con e-parent\" data-id=\"11ba47c\" data-element_type=\"container\" data-core-v316-plus=\"true\">\n\t\t\t\t\t<div class=\"e-con-inner\">\n\t\t\t\t<div class=\"elementor-element elementor-element-c2b29c6 elementor-widget elementor-widget-image\" data-id=\"c2b29c6\" data-element_type=\"widget\" data-widget_type=\"image.default\">\n\t\t\t\t<div class=\"elementor-widget-container\">\n\t\t\t<style>\/*! elementor - v3.20.0 - 26-03-2024 *\/\n.elementor-widget-image{text-align:center}.elementor-widget-image a{display:inline-block}.elementor-widget-image a img[src$=\".svg\"]{width:48px}.elementor-widget-image img{vertical-align:middle;display:inline-block}<\/style>\t\t\t\t\t\t\t\t\t\t<img fetchpriority=\"high\" decoding=\"async\" width=\"423\" height=\"414\" src=\"https:\/\/pourlebonheurdesloulous.fr\/wp-content\/uploads\/2025\/12\/annonce.jpg\" class=\"attachment-full size-full wp-image-3449\" alt=\"\" srcset=\"https:\/\/pourlebonheurdesloulous.fr\/wp-content\/uploads\/2025\/12\/annonce.jpg 423w, https:\/\/pourlebonheurdesloulous.fr\/wp-content\/uploads\/2025\/12\/annonce-300x294.jpg 300w, https:\/\/pourlebonheurdesloulous.fr\/wp-content\/uploads\/2025\/12\/annonce-61x60.jpg 61w\" sizes=\"(max-width: 423px) 100vw, 423px\" \/>\t\t\t\t\t\t\t\t\t\t\t\t\t<\/div>\n\t\t\t\t<\/div>\n\t\t\t\t\t<\/div>\n\t\t\t\t<\/div>\n\t\t<div class=\"elementor-element elementor-element-4e117e7 e-flex e-con-boxed e-con e-parent\" data-id=\"4e117e7\" data-element_type=\"container\" data-core-v316-plus=\"true\">\n\t\t\t\t\t<div class=\"e-con-inner\">\n\t\t\t\t<div class=\"elementor-element elementor-element-758931d elementor-widget elementor-widget-image\" data-id=\"758931d\" data-element_type=\"widget\" data-widget_type=\"image.default\">\n\t\t\t\t<div class=\"elementor-widget-container\">\n\t\t\t\t\t\t\t\t\t\t\t\t\t<img decoding=\"async\" width=\"640\" height=\"2560\" src=\"https:\/\/pourlebonheurdesloulous.fr\/wp-content\/uploads\/2025\/12\/Tombola-liste-scaled.jpg\" class=\"attachment-full size-full wp-image-3446\" alt=\"\" srcset=\"https:\/\/pourlebonheurdesloulous.fr\/wp-content\/uploads\/2025\/12\/Tombola-liste-scaled.jpg 640w, https:\/\/pourlebonheurdesloulous.fr\/wp-content\/uploads\/2025\/12\/Tombola-liste-75x300.jpg 75w, https:\/\/pourlebonheurdesloulous.fr\/wp-content\/uploads\/2025\/12\/Tombola-liste-256x1024.jpg 256w, https:\/\/pourlebonheurdesloulous.fr\/wp-content\/uploads\/2025\/12\/Tombola-liste-768x3072.jpg 768w, https:\/\/pourlebonheurdesloulous.fr\/wp-content\/uploads\/2025\/12\/Tombola-liste-384x1536.jpg 384w, https:\/\/pourlebonheurdesloulous.fr\/wp-content\/uploads\/2025\/12\/Tombola-liste-512x2048.jpg 512w, https:\/\/pourlebonheurdesloulous.fr\/wp-content\/uploads\/2025\/12\/Tombola-liste-15x60.jpg 15w\" sizes=\"(max-width: 640px) 100vw, 640px\" \/>\t\t\t\t\t\t\t\t\t\t\t\t\t<\/div>\n\t\t\t\t<\/div>\n\t\t\t\t\t<\/div>\n\t\t\t\t<\/div>\n\t\t<div class=\"elementor-element elementor-element-922cfea e-flex e-con-boxed e-con e-parent\" data-id=\"922cfea\" data-element_type=\"container\" data-core-v316-plus=\"true\">\n\t\t\t\t\t<div class=\"e-con-inner\">\n\t\t\t\t<div class=\"elementor-element elementor-element-b51702a elementor-widget elementor-widget-text-editor\" data-id=\"b51702a\" data-element_type=\"widget\" data-widget_type=\"text-editor.default\">\n\t\t\t\t<div class=\"elementor-widget-container\">\n\t\t\t<style>\/*! elementor - v3.20.0 - 26-03-2024 *\/\n.elementor-widget-text-editor.elementor-drop-cap-view-stacked .elementor-drop-cap{background-color:#69727d;color:#fff}.elementor-widget-text-editor.elementor-drop-cap-view-framed .elementor-drop-cap{color:#69727d;border:3px solid;background-color:transparent}.elementor-widget-text-editor:not(.elementor-drop-cap-view-default) .elementor-drop-cap{margin-top:8px}.elementor-widget-text-editor:not(.elementor-drop-cap-view-default) .elementor-drop-cap-letter{width:1em;height:1em}.elementor-widget-text-editor .elementor-drop-cap{float:left;text-align:center;line-height:1;font-size:50px}.elementor-widget-text-editor .elementor-drop-cap-letter{display:inline-block}<\/style>\t\t\t\t<p style=\"margin-right: 0px; margin-bottom: 0px; margin-left: 0px; line-height: normal; font-size-adjust: none; font-kerning: auto; font-variant-alternates: normal; font-variant-numeric: normal; font-variant-east-asian: normal; font-feature-settings: normal;\"><img decoding=\"async\" class=\"an1\" style=\"height: 1.2em; width: 1.2em; vertical-align: middle;\" draggable=\"false\" src=\"https:\/\/fonts.gstatic.com\/s\/e\/notoemoji\/16.0\/1f381\/32.png\" alt=\"\ud83c\udf81\" data-emoji=\"\ud83c\udf81\" aria-label=\"\ud83c\udf81\">&nbsp;TOMBOLA DE NO\u00cbL&nbsp;<img decoding=\"async\" class=\"an1\" style=\"height: 1.2em; width: 1.2em; vertical-align: middle;\" draggable=\"false\" src=\"https:\/\/fonts.gstatic.com\/s\/e\/notoemoji\/16.0\/1f384\/32.png\" alt=\"\ud83c\udf84\" data-emoji=\"\ud83c\udf84\" aria-label=\"\ud83c\udf84\">&nbsp;<\/p>\n<p style=\"margin-right: 0px; margin-bottom: 0px; margin-left: 0px; line-height: normal; font-size-adjust: none; font-kerning: auto; font-variant-alternates: normal; font-variant-numeric: normal; font-variant-east-asian: normal; font-feature-settings: normal;\">EN LIGNE&nbsp;<\/p><p style=\"margin-right: 0px; margin-bottom: 0px; margin-left: 0px; line-height: normal; font-size-adjust: none; font-kerning: auto; font-variant-alternates: normal; font-variant-numeric: normal; font-variant-east-asian: normal; font-feature-settings: normal;\"><br><\/p>\n<p style=\"margin-right: 0px; margin-bottom: 0px; margin-left: 0px; line-height: normal; font-size-adjust: none; font-kerning: auto; font-variant-alternates: normal; font-variant-numeric: normal; font-variant-east-asian: normal; font-feature-settings: normal;\">\n<\/p><p style=\"margin-right: 0px; margin-bottom: 0px; margin-left: 0px; line-height: normal; font-size-adjust: none; font-kerning: auto; font-variant-alternates: normal; font-variant-numeric: normal; font-variant-east-asian: normal; font-feature-settings: normal;\">du 14 novembre&nbsp;<\/p>\n<p style=\"margin-right: 0px; margin-bottom: 0px; margin-left: 0px; line-height: normal; font-size-adjust: none; font-kerning: auto; font-variant-alternates: normal; font-variant-numeric: normal; font-variant-east-asian: normal; font-feature-settings: normal;\">au 20 d\u00e9cembre 2025 inclus&nbsp;<\/p><p style=\"margin-right: 0px; margin-bottom: 0px; margin-left: 0px; line-height: normal; font-size-adjust: none; font-kerning: auto; font-variant-alternates: normal; font-variant-numeric: normal; font-variant-east-asian: normal; font-feature-settings: normal;\"><br><\/p>\n<p style=\"margin-right: 0px; margin-bottom: 0px; margin-left: 0px; line-height: normal; font-size-adjust: none; font-kerning: auto; font-variant-alternates: normal; font-variant-numeric: normal; font-variant-east-asian: normal; font-feature-settings: normal;\">\n<\/p><p style=\"margin-right: 0px; margin-bottom: 0px; margin-left: 0px; line-height: normal; font-size-adjust: none; font-kerning: auto; font-variant-alternates: normal; font-variant-numeric: normal; font-variant-east-asian: normal; font-feature-settings: normal;\"><img decoding=\"async\" class=\"an1\" style=\"height: 1.2em; width: 1.2em; vertical-align: middle;\" draggable=\"false\" src=\"https:\/\/fonts.gstatic.com\/s\/e\/notoemoji\/16.0\/1f49d\/32.png\" alt=\"\ud83d\udc9d\" data-emoji=\"\ud83d\udc9d\" aria-label=\"\ud83d\udc9d\">&nbsp;Face au succ\u00e8s de cette op\u00e9ration chaque ann\u00e9e,&nbsp;<\/p>\n<p style=\"margin-right: 0px; margin-bottom: 0px; margin-left: 0px; line-height: normal; font-size-adjust: none; font-kerning: auto; font-variant-alternates: normal; font-variant-numeric: normal; font-variant-east-asian: normal; font-feature-settings: normal;\"><img decoding=\"async\" class=\"an1\" style=\"height: 1.2em; width: 1.2em; vertical-align: middle;\" draggable=\"false\" src=\"https:\/\/fonts.gstatic.com\/s\/e\/notoemoji\/16.0\/1f64f\/32.png\" alt=\"\ud83d\ude4f\" data-emoji=\"\ud83d\ude4f\" aria-label=\"\ud83d\ude4f\">&nbsp;gr\u00e2ce \u00e0 la contribution de plusieurs commer\u00e7ants ou professionnels dans le 06, principalement de la VALL\u00c9E DU PAILLON et&nbsp;<\/p>\n<p style=\"margin-right: 0px; margin-bottom: 0px; margin-left: 0px; line-height: normal; font-size-adjust: none; font-kerning: auto; font-variant-alternates: normal; font-variant-numeric: normal; font-variant-east-asian: normal; font-feature-settings: normal;\"><img decoding=\"async\" class=\"an1\" style=\"height: 1.2em; width: 1.2em; vertical-align: middle;\" draggable=\"false\" src=\"https:\/\/fonts.gstatic.com\/s\/e\/notoemoji\/16.0\/1f917\/32.png\" alt=\"\ud83e\udd17\" data-emoji=\"\ud83e\udd17\" aria-label=\"\ud83e\udd17\">&nbsp;gr\u00e2ce \u00e0 votre enthousiasme \u00e0 participer \u00e0 cette loterie,<\/p>\n<p style=\"margin-right: 0px; margin-bottom: 0px; margin-left: 0px; line-height: normal; font-size-adjust: none; font-kerning: auto; font-variant-alternates: normal; font-variant-numeric: normal; font-variant-east-asian: normal; font-feature-settings: normal;\"><img decoding=\"async\" class=\"an1\" style=\"height: 1.2em; width: 1.2em; vertical-align: middle;\" draggable=\"false\" src=\"https:\/\/fonts.gstatic.com\/s\/e\/notoemoji\/16.0\/2764_fe0f_200d_1fa79\/32.png\" alt=\"\u2764\ufe0f\u200d\ud83e\ude79\" data-emoji=\"\u2764\ufe0f\u200d\ud83e\ude79\" aria-label=\"\u2764\ufe0f\u200d\ud83e\ude79\">&nbsp;Nous lan\u00e7ons de nouveau ce projet qui nous aide \u00e0 poursuivre les sauvetages et les soins d\u2019animaux dans le besoin.<\/p><p style=\"margin-right: 0px; margin-bottom: 0px; margin-left: 0px; line-height: normal; font-size-adjust: none; font-kerning: auto; font-variant-alternates: normal; font-variant-numeric: normal; font-variant-east-asian: normal; font-feature-settings: normal;\"><br><\/p>\n<p style=\"margin-right: 0px; margin-bottom: 0px; margin-left: 0px; line-height: normal; font-size-adjust: none; font-kerning: auto; font-variant-alternates: normal; font-variant-numeric: normal; font-variant-east-asian: normal; font-feature-settings: normal;\">\n<\/p><p style=\"margin-right: 0px; margin-bottom: 0px; margin-left: 0px; line-height: normal; font-size-adjust: none; font-kerning: auto; font-variant-alternates: normal; font-variant-numeric: normal; font-variant-east-asian: normal; font-feature-settings: normal;\"><img decoding=\"async\" class=\"an1\" style=\"height: 1.2em; width: 1.2em; vertical-align: middle;\" draggable=\"false\" src=\"https:\/\/fonts.gstatic.com\/s\/e\/notoemoji\/16.0\/1f381\/32.png\" alt=\"\ud83c\udf81\" data-emoji=\"\ud83c\udf81\" aria-label=\"\ud83c\udf81\">&nbsp;Ainsi nous sommes ravis de pouvoir vous proposer de nombreux, jolis et nouveaux LOTS \u00e0 gagner&nbsp;<img decoding=\"async\" class=\"an1\" style=\"height: 1.2em; width: 1.2em; vertical-align: middle;\" draggable=\"false\" src=\"https:\/\/fonts.gstatic.com\/s\/e\/notoemoji\/16.0\/1f917\/32.png\" alt=\"\ud83e\udd17\" data-emoji=\"\ud83e\udd17\" aria-label=\"\ud83e\udd17\">&nbsp;!<\/p><p style=\"margin-right: 0px; margin-bottom: 0px; margin-left: 0px; line-height: normal; font-size-adjust: none; font-kerning: auto; font-variant-alternates: normal; font-variant-numeric: normal; font-variant-east-asian: normal; font-feature-settings: normal;\"><br><\/p>\n<p style=\"margin-right: 0px; margin-bottom: 0px; margin-left: 0px; line-height: normal; font-size-adjust: none; font-kerning: auto; font-variant-alternates: normal; font-variant-numeric: normal; font-variant-east-asian: normal; font-feature-settings: normal;\">pour le plaisir ou le bien \u00eatre des humains comme pour celui de leur compagnon \u00e0 4 pattes.<\/p>\n<p style=\"margin-right: 0px; margin-bottom: 0px; margin-left: 0px; line-height: normal; font-size-adjust: none; font-kerning: auto; font-variant-alternates: normal; font-variant-numeric: normal; font-variant-east-asian: normal; font-feature-settings: normal;\">Vous d\u00e9couvrirez les lots au fur et \u00e0 mesure&nbsp;<img decoding=\"async\" class=\"an1\" style=\"height: 1.2em; width: 1.2em; vertical-align: middle;\" draggable=\"false\" src=\"https:\/\/fonts.gstatic.com\/s\/e\/notoemoji\/16.0\/263a_fe0f\/32.png\" alt=\"\u263a\ufe0f\" data-emoji=\"\u263a\ufe0f\" aria-label=\"\u263a\ufe0f\">.<\/p><p style=\"margin-right: 0px; margin-bottom: 0px; margin-left: 0px; line-height: normal; font-size-adjust: none; font-kerning: auto; font-variant-alternates: normal; font-variant-numeric: normal; font-variant-east-asian: normal; font-feature-settings: normal;\"><br><\/p>\n<p style=\"margin-right: 0px; margin-bottom: 0px; margin-left: 0px; line-height: normal; font-size-adjust: none; font-kerning: auto; font-variant-alternates: normal; font-variant-numeric: normal; font-variant-east-asian: normal; font-feature-settings: normal;\"><img decoding=\"async\" class=\"an1\" style=\"height: 1.2em; width: 1.2em; vertical-align: middle;\" draggable=\"false\" src=\"https:\/\/fonts.gstatic.com\/s\/e\/notoemoji\/16.0\/1f381\/32.png\" alt=\"\ud83c\udf81\" data-emoji=\"\ud83c\udf81\" aria-label=\"\ud83c\udf81\">&nbsp;les tickets sont \u00e0 5 euros (possibilit\u00e9 d\u2019en acheter plusieurs).<\/p><p style=\"margin-right: 0px; margin-bottom: 0px; margin-left: 0px; line-height: normal; font-size-adjust: none; font-kerning: auto; font-variant-alternates: normal; font-variant-numeric: normal; font-variant-east-asian: normal; font-feature-settings: normal;\"><br><\/p>\n<p style=\"margin-right: 0px; margin-bottom: 0px; margin-left: 0px; line-height: normal; font-size-adjust: none; font-kerning: auto; font-variant-alternates: normal; font-variant-numeric: normal; font-variant-east-asian: normal; font-feature-settings: normal;\">5 tickets achet\u00e9s = le 6e offert!<\/p><p style=\"margin-right: 0px; margin-bottom: 0px; margin-left: 0px; line-height: normal; font-size-adjust: none; font-kerning: auto; font-variant-alternates: normal; font-variant-numeric: normal; font-variant-east-asian: normal; font-feature-settings: normal;\"><br><\/p>\n<p style=\"margin-right: 0px; margin-bottom: 0px; margin-left: 0px; line-height: normal; font-size-adjust: none; font-kerning: auto; font-variant-alternates: normal; font-variant-numeric: normal; font-variant-east-asian: normal; font-feature-settings: normal;\">Les b\u00e9n\u00e9fices sont tous revers\u00e9s \u00e0 l\u2019association.&nbsp;<\/p><p style=\"margin-right: 0px; margin-bottom: 0px; margin-left: 0px; line-height: normal; font-size-adjust: none; font-kerning: auto; font-variant-alternates: normal; font-variant-numeric: normal; font-variant-east-asian: normal; font-feature-settings: normal;\"><br><\/p>\n<p style=\"margin-right: 0px; margin-bottom: 0px; margin-left: 0px; line-height: normal; font-size-adjust: none; font-kerning: auto; font-variant-alternates: normal; font-variant-numeric: normal; font-variant-east-asian: normal; font-feature-settings: normal;\">Les num\u00e9ros seront attribu\u00e9s automatiquement et de fa\u00e7on AL\u00c9ATOIRE.<\/p><p style=\"margin-right: 0px; margin-bottom: 0px; margin-left: 0px; line-height: normal; font-size-adjust: none; font-kerning: auto; font-variant-alternates: normal; font-variant-numeric: normal; font-variant-east-asian: normal; font-feature-settings: normal;\"><br><\/p>\n<p style=\"margin-right: 0px; margin-bottom: 0px; margin-left: 0px; line-height: normal; font-size-adjust: none; font-kerning: auto; font-variant-alternates: normal; font-variant-numeric: normal; font-variant-east-asian: normal; font-feature-settings: normal;\"><img decoding=\"async\" class=\"an1\" style=\"height: 1.2em; width: 1.2em; vertical-align: middle;\" draggable=\"false\" src=\"https:\/\/fonts.gstatic.com\/s\/e\/notoemoji\/16.0\/27a1_fe0f\/32.png\" alt=\"\u27a1\ufe0f\" data-emoji=\"\u27a1\ufe0f\" aria-label=\"\u27a1\ufe0f\">&nbsp;Pour les acheter, voici les liens ci-dessous :<\/p><p style=\"margin-right: 0px; margin-bottom: 0px; margin-left: 0px; line-height: normal; font-size-adjust: none; font-kerning: auto; font-variant-alternates: normal; font-variant-numeric: normal; font-variant-east-asian: normal; font-feature-settings: normal;\"><br><\/p>\n<p style=\"margin-right: 0px; margin-bottom: 0px; margin-left: 0px; line-height: normal; font-size-adjust: none; font-kerning: auto; font-variant-alternates: normal; font-variant-numeric: normal; font-variant-east-asian: normal; font-feature-settings: normal;\">-PAYPAL&nbsp;<\/p>\n<p style=\"margin-right: 0px; margin-bottom: 0px; margin-left: 0px; line-height: normal; font-size-adjust: none; font-kerning: auto; font-variant-alternates: normal; font-variant-numeric: normal; font-variant-east-asian: normal; font-feature-settings: normal;\"><a style=\"color: #1155cc;\" href=\"https:\/\/paypal.me\/pourlebonheurdeslou?locale.x=fr_FR\" target=\"_blank\" rel=\"noopener\" data-saferedirecturl=\"https:\/\/www.google.com\/url?q=https:\/\/paypal.me\/pourlebonheurdeslou?locale.x%3Dfr_FR&amp;source=gmail&amp;ust=1763454701401000&amp;usg=AOvVaw29YuZrsZx_psDg5tDySxfL\">https:\/\/paypal.me\/<wbr>pourlebonheurdeslou?locale.x=<wbr>fr_FR<\/a><\/p><p style=\"margin-right: 0px; margin-bottom: 0px; margin-left: 0px; line-height: normal; font-size-adjust: none; font-kerning: auto; font-variant-alternates: normal; font-variant-numeric: normal; font-variant-east-asian: normal; font-feature-settings: normal;\"><br><\/p>\n<p style=\"margin-right: 0px; margin-bottom: 0px; margin-left: 0px; line-height: normal; font-size-adjust: none; font-kerning: auto; font-variant-alternates: normal; font-variant-numeric: normal; font-variant-east-asian: normal; font-feature-settings: normal;\">-HELLO ASSO:&nbsp;<\/p>\n<p style=\"margin-right: 0px; margin-bottom: 0px; margin-left: 0px; line-height: normal; font-size-adjust: none; font-kerning: auto; font-variant-alternates: normal; font-variant-numeric: normal; font-variant-east-asian: normal; font-feature-settings: normal;\">&nbsp;<a style=\"color: #1155cc;\" href=\"https:\/\/www.helloasso.com\/associations\/pour-le-bonheur-des-loulous\/evenements\/tombola-de-noel-2025\" target=\"_blank\" rel=\"noopener\" data-saferedirecturl=\"https:\/\/www.google.com\/url?q=https:\/\/www.helloasso.com\/associations\/pour-le-bonheur-des-loulous\/evenements\/tombola-de-noel-2025&amp;source=gmail&amp;ust=1763454701401000&amp;usg=AOvVaw2yekq_qWxdDXqrm4v_1FKP\">https:\/\/www.helloasso.com\/<wbr>associations\/pour-le-bonheur-<wbr>des-loulous\/evenements\/<wbr>tombola-de-noel-2025<\/a><\/p><p style=\"margin-right: 0px; margin-bottom: 0px; margin-left: 0px; line-height: normal; font-size-adjust: none; font-kerning: auto; font-variant-alternates: normal; font-variant-numeric: normal; font-variant-east-asian: normal; font-feature-settings: normal;\"><br><\/p>\n<p style=\"margin-right: 0px; margin-bottom: 0px; margin-left: 0px; line-height: normal; font-size-adjust: none; font-kerning: auto; font-variant-alternates: normal; font-variant-numeric: normal; font-variant-east-asian: normal; font-feature-settings: normal;\"><img decoding=\"async\" class=\"an1\" style=\"height: 1.2em; width: 1.2em; vertical-align: middle;\" draggable=\"false\" src=\"https:\/\/fonts.gstatic.com\/s\/e\/notoemoji\/16.0\/27a1_fe0f\/32.png\" alt=\"\u27a1\ufe0f\" data-emoji=\"\u27a1\ufe0f\" aria-label=\"\u27a1\ufe0f\">&nbsp;date limite d\u2019achat des billets le 20 d\u00e9cembre.<\/p><p style=\"margin-right: 0px; margin-bottom: 0px; margin-left: 0px; line-height: normal; font-size-adjust: none; font-kerning: auto; font-variant-alternates: normal; font-variant-numeric: normal; font-variant-east-asian: normal; font-feature-settings: normal;\"><br><\/p>\n<p style=\"margin-right: 0px; margin-bottom: 0px; margin-left: 0px; line-height: normal; font-size-adjust: none; font-kerning: auto; font-variant-alternates: normal; font-variant-numeric: normal; font-variant-east-asian: normal; font-feature-settings: normal;\"><img decoding=\"async\" class=\"an1\" style=\"height: 1.2em; width: 1.2em; vertical-align: middle;\" draggable=\"false\" src=\"https:\/\/fonts.gstatic.com\/s\/e\/notoemoji\/16.0\/2705\/32.png\" alt=\"\u2705\" data-emoji=\"\u2705\" aria-label=\"\u2705\">&nbsp;Le TIRAGE AU SORT est pr\u00e9vu pour le 21 d\u00e9cembre 2025.&nbsp;<\/p><p style=\"margin-right: 0px; margin-bottom: 0px; margin-left: 0px; line-height: normal; font-size-adjust: none; font-kerning: auto; font-variant-alternates: normal; font-variant-numeric: normal; font-variant-east-asian: normal; font-feature-settings: normal;\"><br><\/p>\n<p style=\"margin-right: 0px; margin-bottom: 0px; margin-left: 0px; line-height: normal; font-size-adjust: none; font-kerning: auto; font-variant-alternates: normal; font-variant-numeric: normal; font-variant-east-asian: normal; font-feature-settings: normal;\">Les gagnants seront avis\u00e9s individuellement ensuite.<\/p><p style=\"margin-right: 0px; margin-bottom: 0px; margin-left: 0px; line-height: normal; font-size-adjust: none; font-kerning: auto; font-variant-alternates: normal; font-variant-numeric: normal; font-variant-east-asian: normal; font-feature-settings: normal;\"><br><\/p>\n<p style=\"margin-right: 0px; margin-bottom: 0px; margin-left: 0px; line-height: normal; font-size-adjust: none; font-kerning: auto; font-variant-alternates: normal; font-variant-numeric: normal; font-variant-east-asian: normal; font-feature-settings: normal;\"><img decoding=\"async\" class=\"an1\" style=\"height: 1.2em; width: 1.2em; vertical-align: middle;\" draggable=\"false\" src=\"https:\/\/fonts.gstatic.com\/s\/e\/notoemoji\/16.0\/1f340\/32.png\" alt=\"\ud83c\udf40\" data-emoji=\"\ud83c\udf40\" aria-label=\"\ud83c\udf40\">Tentez votre CHANCE&nbsp;<img decoding=\"async\" class=\"an1\" style=\"height: 1.2em; width: 1.2em; vertical-align: middle;\" draggable=\"false\" src=\"https:\/\/fonts.gstatic.com\/s\/e\/notoemoji\/16.0\/1f340\/32.png\" alt=\"\ud83c\udf40\" data-emoji=\"\ud83c\udf40\" aria-label=\"\ud83c\udf40\">&nbsp;pour une bonne cause&nbsp;<img decoding=\"async\" class=\"an1\" style=\"height: 1.2em; width: 1.2em; vertical-align: middle;\" draggable=\"false\" src=\"https:\/\/fonts.gstatic.com\/s\/e\/notoemoji\/16.0\/1f43e\/32.png\" alt=\"\ud83d\udc3e\" data-emoji=\"\ud83d\udc3e\" aria-label=\"\ud83d\udc3e\"><img decoding=\"async\" class=\"an1\" style=\"height: 1.2em; width: 1.2em; vertical-align: middle;\" draggable=\"false\" src=\"https:\/\/fonts.gstatic.com\/s\/e\/notoemoji\/16.0\/2665_fe0f\/32.png\" alt=\"\u2665\ufe0f\" data-emoji=\"\u2665\ufe0f\" aria-label=\"\u2665\ufe0f\">.&nbsp;<\/p><p style=\"margin-right: 0px; margin-bottom: 0px; margin-left: 0px; line-height: normal; font-size-adjust: none; font-kerning: auto; font-variant-alternates: normal; font-variant-numeric: normal; font-variant-east-asian: normal; font-feature-settings: normal;\"><br><\/p>\n<p style=\"margin-right: 0px; margin-bottom: 0px; margin-left: 0px; line-height: normal; font-size-adjust: none; font-kerning: auto; font-variant-alternates: normal; font-variant-numeric: normal; font-variant-east-asian: normal; font-feature-settings: normal;\">NB \/ les cadeaux&nbsp;<img decoding=\"async\" class=\"an1\" style=\"height: 1.2em; width: 1.2em; vertical-align: middle;\" draggable=\"false\" src=\"https:\/\/fonts.gstatic.com\/s\/e\/notoemoji\/16.0\/1f381\/32.png\" alt=\"\ud83c\udf81\" data-emoji=\"\ud83c\udf81\" aria-label=\"\ud83c\udf81\">&nbsp;seront \u00e0 utiliser dans les conditions et les d\u00e9lais pr\u00e9cis\u00e9s par les partenaires.<\/p><p style=\"margin-right: 0px; margin-bottom: 0px; margin-left: 0px; line-height: normal; font-size-adjust: none; font-kerning: auto; font-variant-alternates: normal; font-variant-numeric: normal; font-variant-east-asian: normal; font-feature-settings: normal;\"><br><\/p>\t\t\t\t\t\t<\/div>\n\t\t\t\t<\/div>\n\t\t\t\t\t<\/div>\n\t\t\t\t<\/div>\n\t\t<div class=\"elementor-element elementor-element-5863cf4 e-flex e-con-boxed e-con e-parent\" data-id=\"5863cf4\" data-element_type=\"container\" data-core-v316-plus=\"true\">\n\t\t\t\t\t<div class=\"e-con-inner\">\n\t\t\t\t<div class=\"elementor-element elementor-element-ff3ebc2 elementor-widget elementor-widget-image\" data-id=\"ff3ebc2\" data-element_type=\"widget\" data-widget_type=\"image.default\">\n\t\t\t\t<div class=\"elementor-widget-container\">\n\t\t\t\t\t\t\t\t\t\t\t\t\t<img decoding=\"async\" width=\"637\" height=\"2560\" src=\"https:\/\/pourlebonheurdesloulous.fr\/wp-content\/uploads\/2025\/12\/TB-scaled.jpg\" class=\"attachment-full size-full wp-image-3456\" alt=\"\" srcset=\"https:\/\/pourlebonheurdesloulous.fr\/wp-content\/uploads\/2025\/12\/TB-scaled.jpg 637w, https:\/\/pourlebonheurdesloulous.fr\/wp-content\/uploads\/2025\/12\/TB-75x300.jpg 75w, https:\/\/pourlebonheurdesloulous.fr\/wp-content\/uploads\/2025\/12\/TB-255x1024.jpg 255w, https:\/\/pourlebonheurdesloulous.fr\/wp-content\/uploads\/2025\/12\/TB-768x3088.jpg 768w, https:\/\/pourlebonheurdesloulous.fr\/wp-content\/uploads\/2025\/12\/TB-382x1536.jpg 382w, https:\/\/pourlebonheurdesloulous.fr\/wp-content\/uploads\/2025\/12\/TB-15x60.jpg 15w\" sizes=\"(max-width: 637px) 100vw, 637px\" \/>\t\t\t\t\t\t\t\t\t\t\t\t\t<\/div>\n\t\t\t\t<\/div>\n\t\t\t\t\t<\/div>\n\t\t\t\t<\/div>\n\t\t\t\t<\/div>\n\t\t","protected":false},"excerpt":{"rendered":"<p>&nbsp;TOMBOLA DE NO\u00cbL&nbsp;&nbsp; EN LIGNE&nbsp; du 14 novembre&nbsp; au 20 d\u00e9cembre 2025 inclus&nbsp; &nbsp;Face au succ\u00e8s de cette op\u00e9ration chaque ann\u00e9e,&nbsp; &nbsp;gr\u00e2ce \u00e0 la contribution de plusieurs commer\u00e7ants ou professionnels dans le 06, principalement de la VALL\u00c9E DU PAILLON et&nbsp; &nbsp;gr\u00e2ce \u00e0 votre enthousiasme \u00e0 participer \u00e0 cette loterie, &nbsp;Nous lan\u00e7ons de nouveau ce projet &hellip; <\/p>\n","protected":false},"author":1,"featured_media":0,"parent":0,"menu_order":0,"comment_status":"closed","ping_status":"closed","template":"","meta":{"footnotes":""},"_links":{"self":[{"href":"https:\/\/pourlebonheurdesloulous.fr\/index.php?rest_route=\/wp\/v2\/pages\/2794"}],"collection":[{"href":"https:\/\/pourlebonheurdesloulous.fr\/index.php?rest_route=\/wp\/v2\/pages"}],"about":[{"href":"https:\/\/pourlebonheurdesloulous.fr\/index.php?rest_route=\/wp\/v2\/types\/page"}],"author":[{"embeddable":true,"href":"https:\/\/pourlebonheurdesloulous.fr\/index.php?rest_route=\/wp\/v2\/users\/1"}],"replies":[{"embeddable":true,"href":"https:\/\/pourlebonheurdesloulous.fr\/index.php?rest_route=%2Fwp%2Fv2%2Fcomments&post=2794"}],"version-history":[{"count":83,"href":"https:\/\/pourlebonheurdesloulous.fr\/index.php?rest_route=\/wp\/v2\/pages\/2794\/revisions"}],"predecessor-version":[{"id":3459,"href":"https:\/\/pourlebonheurdesloulous.fr\/index.php?rest_route=\/wp\/v2\/pages\/2794\/revisions\/3459"}],"wp:attachment":[{"href":"https:\/\/pourlebonheurdesloulous.fr\/index.php?rest_route=%2Fwp%2Fv2%2Fmedia&parent=2794"}],"curies":[{"name":"wp","href":"https:\/\/api.w.org\/{rel}","templated":true}]}}