{"id":2,"date":"2022-10-04T17:33:15","date_gmt":"2022-10-04T15:33:15","guid":{"rendered":"http:\/\/pourlebonheurdesloulous.fr\/?page_id=2"},"modified":"2024-04-30T19:17:43","modified_gmt":"2024-04-30T17:17:43","slug":"page-d-exemple","status":"publish","type":"page","link":"https:\/\/pourlebonheurdesloulous.fr\/?page_id=2","title":{"rendered":"Devenir famille d\u2019accueil"},"content":{"rendered":"\t\t<div data-elementor-type=\"wp-page\" data-elementor-id=\"2\" class=\"elementor elementor-2\">\n\t\t\t\t<div class=\"elementor-element elementor-element-6205e69d e-flex e-con-boxed e-con e-parent\" data-id=\"6205e69d\" data-element_type=\"container\" data-core-v316-plus=\"true\">\n\t\t\t\t\t<div class=\"e-con-inner\">\n\t\t\t\t<div class=\"elementor-element elementor-element-6acfcfea elementor-widget elementor-widget-text-editor\" data-id=\"6acfcfea\" data-element_type=\"widget\" data-widget_type=\"text-editor.default\">\n\t\t\t\t<div class=\"elementor-widget-container\">\n\t\t\t<style>\/*! elementor - v3.20.0 - 26-03-2024 *\/\n.elementor-widget-text-editor.elementor-drop-cap-view-stacked .elementor-drop-cap{background-color:#69727d;color:#fff}.elementor-widget-text-editor.elementor-drop-cap-view-framed .elementor-drop-cap{color:#69727d;border:3px solid;background-color:transparent}.elementor-widget-text-editor:not(.elementor-drop-cap-view-default) .elementor-drop-cap{margin-top:8px}.elementor-widget-text-editor:not(.elementor-drop-cap-view-default) .elementor-drop-cap-letter{width:1em;height:1em}.elementor-widget-text-editor .elementor-drop-cap{float:left;text-align:center;line-height:1;font-size:50px}.elementor-widget-text-editor .elementor-drop-cap-letter{display:inline-block}<\/style>\t\t\t\t<p><!-- wp:paragraph --><\/p>\n<p>Etre famille d\u2019accueil c\u2019est permettre \u00e0 un chien ou \u00e0 un chat de sortir de la rue ou de la maltraitance et de vivre dans une famille jusqu\u2019\u00e0 son adoption.<br>Tous nos prot\u00e9g\u00e9s sont en famille d\u2019accueil qui s\u2019occupent de leur socialisation, de les nourrir , les choyer et les emmener chez le v\u00e9t\u00e9rinaire si n\u00e9cessaire. <br>Les frais de v\u00e9t\u00e9rinaire sont pris en charge par l\u2019association.<\/p>\n<p><!-- \/wp:paragraph --><\/p>\n<p><!-- wp:paragraph --><\/p>\n<p>L\u2019association fournit la nourriture, la liti\u00e8re et le mat\u00e9riel tels que les gamelles et les griffoirs.<\/p>\n<p><!-- \/wp:paragraph --><\/p>\n<p><!-- wp:paragraph --><\/p>\n<p>Vous souhaitez devenir famille d\u2019accueil pour l\u2019un de nos loulous?&nbsp;Vous avez des questions \u00e0 ce sujet?<\/p>\n<p><!-- \/wp:paragraph --><\/p>\n<p><!-- wp:paragraph --><\/p>\n<p>Envoyez-nous s\u2019il vous pla\u00eet un <a href=\"mailto:pourlebonheurdesloulous@gmail.com\">e-mail <\/a><\/p>\n<p><!-- \/wp:paragraph --><\/p>\n<p><!-- wp:image {\"id\":411,\"sizeSlug\":\"large\",\"linkDestination\":\"none\"} --><\/p>\n<figure class=\"wp-block-image size-large\"><img fetchpriority=\"high\" decoding=\"async\" width=\"1024\" height=\"904\" src=\"http:\/\/pourlebonheurdesloulous.fr\/wp-content\/uploads\/2022\/10\/0D13C27B-D8F7-467A-B71F-0C8BED38D80C-1024x904.jpeg\" alt=\"\" class=\"wp-image-411\" srcset=\"https:\/\/pourlebonheurdesloulous.fr\/wp-content\/uploads\/2022\/10\/0D13C27B-D8F7-467A-B71F-0C8BED38D80C-1024x904.jpeg 1024w, https:\/\/pourlebonheurdesloulous.fr\/wp-content\/uploads\/2022\/10\/0D13C27B-D8F7-467A-B71F-0C8BED38D80C-300x265.jpeg 300w, https:\/\/pourlebonheurdesloulous.fr\/wp-content\/uploads\/2022\/10\/0D13C27B-D8F7-467A-B71F-0C8BED38D80C-768x678.jpeg 768w, https:\/\/pourlebonheurdesloulous.fr\/wp-content\/uploads\/2022\/10\/0D13C27B-D8F7-467A-B71F-0C8BED38D80C-68x60.jpeg 68w, https:\/\/pourlebonheurdesloulous.fr\/wp-content\/uploads\/2022\/10\/0D13C27B-D8F7-467A-B71F-0C8BED38D80C.jpeg 1199w\" sizes=\"(max-width: 1024px) 100vw, 1024px\" \/><\/figure>\n<p><!-- \/wp:image --><\/p>\n<p><!-- wp:paragraph --><\/p>\n<p><!-- \/wp:paragraph --><\/p>\n<p><!-- wp:social-links --><\/p>\n<ul class=\"wp-block-social-links\"><!-- wp:social-link {\"service\":\"facebook\"} \/--><p><\/p>\n<p><!-- wp:social-link {\"service\":\"mail\"} \/--><\/p><\/ul>\n<p><!-- \/wp:social-links --><\/p>\t\t\t\t\t\t<\/div>\n\t\t\t\t<\/div>\n\t\t\t\t\t<\/div>\n\t\t\t\t<\/div>\n\t\t\t\t<\/div>\n\t\t","protected":false},"excerpt":{"rendered":"<p>Etre famille d\u2019accueil c\u2019est permettre \u00e0 un chien ou \u00e0 un chat de sortir de la rue ou de la maltraitance et de vivre dans une famille jusqu\u2019\u00e0 son adoption.Tous nos prot\u00e9g\u00e9s sont en famille d\u2019accueil qui s\u2019occupent de leur socialisation, de les nourrir , les choyer et les emmener chez le v\u00e9t\u00e9rinaire si n\u00e9cessaire. &hellip; <\/p>\n","protected":false},"author":1,"featured_media":0,"parent":0,"menu_order":0,"comment_status":"closed","ping_status":"open","template":"","meta":{"footnotes":""},"_links":{"self":[{"href":"https:\/\/pourlebonheurdesloulous.fr\/index.php?rest_route=\/wp\/v2\/pages\/2"}],"collection":[{"href":"https:\/\/pourlebonheurdesloulous.fr\/index.php?rest_route=\/wp\/v2\/pages"}],"about":[{"href":"https:\/\/pourlebonheurdesloulous.fr\/index.php?rest_route=\/wp\/v2\/types\/page"}],"author":[{"embeddable":true,"href":"https:\/\/pourlebonheurdesloulous.fr\/index.php?rest_route=\/wp\/v2\/users\/1"}],"replies":[{"embeddable":true,"href":"https:\/\/pourlebonheurdesloulous.fr\/index.php?rest_route=%2Fwp%2Fv2%2Fcomments&post=2"}],"version-history":[{"count":13,"href":"https:\/\/pourlebonheurdesloulous.fr\/index.php?rest_route=\/wp\/v2\/pages\/2\/revisions"}],"predecessor-version":[{"id":1866,"href":"https:\/\/pourlebonheurdesloulous.fr\/index.php?rest_route=\/wp\/v2\/pages\/2\/revisions\/1866"}],"wp:attachment":[{"href":"https:\/\/pourlebonheurdesloulous.fr\/index.php?rest_route=%2Fwp%2Fv2%2Fmedia&parent=2"}],"curies":[{"name":"wp","href":"https:\/\/api.w.org\/{rel}","templated":true}]}}