{"id":1912,"date":"2024-05-01T14:22:35","date_gmt":"2024-05-01T12:22:35","guid":{"rendered":"https:\/\/pourlebonheurdesloulous.fr\/?page_id=1912"},"modified":"2025-04-10T11:02:30","modified_gmt":"2025-04-10T09:02:30","slug":"conseils-pre-et-post-adoptions","status":"publish","type":"page","link":"https:\/\/pourlebonheurdesloulous.fr\/?page_id=1912","title":{"rendered":"Conseils pr\u00e9 et post adoptions"},"content":{"rendered":"\t\t<div data-elementor-type=\"wp-page\" data-elementor-id=\"1912\" class=\"elementor elementor-1912\">\n\t\t\t\t<div class=\"elementor-element elementor-element-0dfabb6 e-flex e-con-boxed e-con e-parent\" data-id=\"0dfabb6\" data-element_type=\"container\" data-core-v316-plus=\"true\">\n\t\t\t\t\t<div class=\"e-con-inner\">\n\t\t\t\t<div class=\"elementor-element elementor-element-1438528 elementor-widget elementor-widget-heading\" data-id=\"1438528\" data-element_type=\"widget\" data-widget_type=\"heading.default\">\n\t\t\t\t<div class=\"elementor-widget-container\">\n\t\t\t<style>\/*! elementor - v3.20.0 - 26-03-2024 *\/\n.elementor-heading-title{padding:0;margin:0;line-height:1}.elementor-widget-heading .elementor-heading-title[class*=elementor-size-]>a{color:inherit;font-size:inherit;line-height:inherit}.elementor-widget-heading .elementor-heading-title.elementor-size-small{font-size:15px}.elementor-widget-heading .elementor-heading-title.elementor-size-medium{font-size:19px}.elementor-widget-heading .elementor-heading-title.elementor-size-large{font-size:29px}.elementor-widget-heading .elementor-heading-title.elementor-size-xl{font-size:39px}.elementor-widget-heading .elementor-heading-title.elementor-size-xxl{font-size:59px}<\/style><h2 class=\"elementor-heading-title elementor-size-default\">Nos conseils post adoption Chien<\/h2>\t\t<\/div>\n\t\t\t\t<\/div>\n\t\t\t\t\t<\/div>\n\t\t\t\t<\/div>\n\t\t<div class=\"elementor-element elementor-element-1e4a1e5 e-flex e-con-boxed e-con e-parent\" data-id=\"1e4a1e5\" data-element_type=\"container\" data-core-v316-plus=\"true\">\n\t\t\t\t\t<div class=\"e-con-inner\">\n\t\t\t\t<div class=\"elementor-element elementor-element-eb7e965 elementor-widget elementor-widget-image\" data-id=\"eb7e965\" data-element_type=\"widget\" data-widget_type=\"image.default\">\n\t\t\t\t<div class=\"elementor-widget-container\">\n\t\t\t<style>\/*! elementor - v3.20.0 - 26-03-2024 *\/\n.elementor-widget-image{text-align:center}.elementor-widget-image a{display:inline-block}.elementor-widget-image a img[src$=\".svg\"]{width:48px}.elementor-widget-image img{vertical-align:middle;display:inline-block}<\/style>\t\t\t\t\t\t\t\t\t\t<img fetchpriority=\"high\" decoding=\"async\" width=\"768\" height=\"774\" src=\"https:\/\/pourlebonheurdesloulous.fr\/wp-content\/uploads\/2024\/04\/regle-3j-3-s-3m-768x774.jpg\" class=\"attachment-medium_large size-medium_large wp-image-1788\" alt=\"\" srcset=\"https:\/\/pourlebonheurdesloulous.fr\/wp-content\/uploads\/2024\/04\/regle-3j-3-s-3m-768x774.jpg 768w, https:\/\/pourlebonheurdesloulous.fr\/wp-content\/uploads\/2024\/04\/regle-3j-3-s-3m-298x300.jpg 298w, https:\/\/pourlebonheurdesloulous.fr\/wp-content\/uploads\/2024\/04\/regle-3j-3-s-3m-150x150.jpg 150w, https:\/\/pourlebonheurdesloulous.fr\/wp-content\/uploads\/2024\/04\/regle-3j-3-s-3m-60x60.jpg 60w, https:\/\/pourlebonheurdesloulous.fr\/wp-content\/uploads\/2024\/04\/regle-3j-3-s-3m.jpg 953w\" sizes=\"(max-width: 768px) 100vw, 768px\" \/>\t\t\t\t\t\t\t\t\t\t\t\t\t<\/div>\n\t\t\t\t<\/div>\n\t\t\t\t\t<\/div>\n\t\t\t\t<\/div>\n\t\t<div class=\"elementor-element elementor-element-2c73550 e-flex e-con-boxed e-con e-parent\" data-id=\"2c73550\" data-element_type=\"container\" data-core-v316-plus=\"true\">\n\t\t\t\t\t<div class=\"e-con-inner\">\n\t\t\t\t<div class=\"elementor-element elementor-element-378a99a elementor-widget elementor-widget-image\" data-id=\"378a99a\" data-element_type=\"widget\" data-widget_type=\"image.default\">\n\t\t\t\t<div class=\"elementor-widget-container\">\n\t\t\t\t\t\t\t\t\t\t\t\t\t<img decoding=\"async\" width=\"720\" height=\"1007\" src=\"https:\/\/pourlebonheurdesloulous.fr\/wp-content\/uploads\/2024\/06\/image0-2.jpeg\" class=\"attachment-medium_large size-medium_large wp-image-2468\" alt=\"\" srcset=\"https:\/\/pourlebonheurdesloulous.fr\/wp-content\/uploads\/2024\/06\/image0-2.jpeg 720w, https:\/\/pourlebonheurdesloulous.fr\/wp-content\/uploads\/2024\/06\/image0-2-214x300.jpeg 214w, https:\/\/pourlebonheurdesloulous.fr\/wp-content\/uploads\/2024\/06\/image0-2-43x60.jpeg 43w\" sizes=\"(max-width: 720px) 100vw, 720px\" \/>\t\t\t\t\t\t\t\t\t\t\t\t\t<\/div>\n\t\t\t\t<\/div>\n\t\t\t\t\t<\/div>\n\t\t\t\t<\/div>\n\t\t<div class=\"elementor-element elementor-element-61cd0b2 e-flex e-con-boxed e-con e-parent\" data-id=\"61cd0b2\" data-element_type=\"container\" data-core-v316-plus=\"true\">\n\t\t\t\t\t<div class=\"e-con-inner\">\n\t\t\t\t<div class=\"elementor-element elementor-element-e608d7d elementor-widget elementor-widget-heading\" data-id=\"e608d7d\" data-element_type=\"widget\" data-widget_type=\"heading.default\">\n\t\t\t\t<div class=\"elementor-widget-container\">\n\t\t\t<h2 class=\"elementor-heading-title elementor-size-default\">Nos conseils post adoption chat<\/h2>\t\t<\/div>\n\t\t\t\t<\/div>\n\t\t\t\t\t<\/div>\n\t\t\t\t<\/div>\n\t\t<div class=\"elementor-element elementor-element-efa4a43 e-flex e-con-boxed e-con e-parent\" data-id=\"efa4a43\" data-element_type=\"container\" data-core-v316-plus=\"true\">\n\t\t\t\t\t<div class=\"e-con-inner\">\n\t\t\t\t<div class=\"elementor-element elementor-element-cdaaca8 elementor-widget elementor-widget-image\" data-id=\"cdaaca8\" data-element_type=\"widget\" data-widget_type=\"image.default\">\n\t\t\t\t<div class=\"elementor-widget-container\">\n\t\t\t\t\t\t\t\t\t\t\t\t\t<img decoding=\"async\" width=\"768\" height=\"768\" src=\"https:\/\/pourlebonheurdesloulous.fr\/wp-content\/uploads\/2024\/10\/chaton-toujours-sous-le-lit-le-laisser-ou-bloquer-lacces-v0-x91nvoevihnb1-768x768.webp\" class=\"attachment-medium_large size-medium_large wp-image-2659\" alt=\"\" srcset=\"https:\/\/pourlebonheurdesloulous.fr\/wp-content\/uploads\/2024\/10\/chaton-toujours-sous-le-lit-le-laisser-ou-bloquer-lacces-v0-x91nvoevihnb1-768x768.webp 768w, https:\/\/pourlebonheurdesloulous.fr\/wp-content\/uploads\/2024\/10\/chaton-toujours-sous-le-lit-le-laisser-ou-bloquer-lacces-v0-x91nvoevihnb1-300x300.webp 300w, https:\/\/pourlebonheurdesloulous.fr\/wp-content\/uploads\/2024\/10\/chaton-toujours-sous-le-lit-le-laisser-ou-bloquer-lacces-v0-x91nvoevihnb1-150x150.webp 150w, https:\/\/pourlebonheurdesloulous.fr\/wp-content\/uploads\/2024\/10\/chaton-toujours-sous-le-lit-le-laisser-ou-bloquer-lacces-v0-x91nvoevihnb1-435x435.webp 435w, https:\/\/pourlebonheurdesloulous.fr\/wp-content\/uploads\/2024\/10\/chaton-toujours-sous-le-lit-le-laisser-ou-bloquer-lacces-v0-x91nvoevihnb1-60x60.webp 60w, https:\/\/pourlebonheurdesloulous.fr\/wp-content\/uploads\/2024\/10\/chaton-toujours-sous-le-lit-le-laisser-ou-bloquer-lacces-v0-x91nvoevihnb1.webp 800w\" sizes=\"(max-width: 768px) 100vw, 768px\" \/>\t\t\t\t\t\t\t\t\t\t\t\t\t<\/div>\n\t\t\t\t<\/div>\n\t\t\t\t\t<\/div>\n\t\t\t\t<\/div>\n\t\t<div class=\"elementor-element elementor-element-adb94b9 e-flex e-con-boxed e-con e-parent\" data-id=\"adb94b9\" data-element_type=\"container\" data-core-v316-plus=\"true\">\n\t\t\t\t\t<div class=\"e-con-inner\">\n\t\t<div class=\"elementor-element elementor-element-eec690b e-con-full e-flex e-con e-child\" data-id=\"eec690b\" data-element_type=\"container\">\n\t\t\t\t<div class=\"elementor-element elementor-element-b3bc1c0 elementor-widget elementor-widget-text-editor\" data-id=\"b3bc1c0\" data-element_type=\"widget\" data-widget_type=\"text-editor.default\">\n\t\t\t\t<div class=\"elementor-widget-container\">\n\t\t\t<style>\/*! elementor - v3.20.0 - 26-03-2024 *\/\n.elementor-widget-text-editor.elementor-drop-cap-view-stacked .elementor-drop-cap{background-color:#69727d;color:#fff}.elementor-widget-text-editor.elementor-drop-cap-view-framed .elementor-drop-cap{color:#69727d;border:3px solid;background-color:transparent}.elementor-widget-text-editor:not(.elementor-drop-cap-view-default) .elementor-drop-cap{margin-top:8px}.elementor-widget-text-editor:not(.elementor-drop-cap-view-default) .elementor-drop-cap-letter{width:1em;height:1em}.elementor-widget-text-editor .elementor-drop-cap{float:left;text-align:center;line-height:1;font-size:50px}.elementor-widget-text-editor .elementor-drop-cap-letter{display:inline-block}<\/style>\t\t\t\t<p>L&rsquo;arriv\u00e9e d&rsquo;un chaton dans une famille est toujours une source<br>de joie et de rires : ce sont des pitreries sans fin et des aventures o\u00f9 tout est pr\u00e9texte aux jeux !<br>Attention, comme les b\u00e9b\u00e9s humains, ils n&rsquo;ont pas conscience des dangers domestiques que repr\u00e9sente une maison.<\/p>\n<p>La machine \u00e0 laver le linge ou encore le s\u00e9choir peuvent<br>\u00eatre un pi\u00e8ge mortel si l&rsquo;on y prend pas garde.<\/p>\n<p>Les chats adorent l&rsquo;odeur du linge propre et ils peuvent tr\u00e8s bien s&rsquo;installer dans le tambour d&rsquo;une machine le temps d&rsquo;une sieste. Toujours s&rsquo;assurer de l&rsquo;endroit o\u00f9 se trouve le chaton avant d&rsquo;appuyer sur le bouton marche.<\/p>\n<p><img loading=\"lazy\" decoding=\"async\" src=\"https:\/\/img.freepik.com\/vecteurs-premium\/chat-regardant-dans-machine-laver-ouverte-lave-linge-panier-linge-vetements-concept-maison-confortable-illustration-vectorielle-plate_119217-3780.jpg\" alt=\"Chat regardant dans une machine \u00e0 laver ouverte Lave-linge et panier \u00e0 linge avec des v\u00eatements Concept de maison confortable Illustration vectorielle plate | Vecteur Premium\" width=\"202\" height=\"202\"><br>Rabattez le couvercle des toilettes ! <br>Les petits curieux sont souvent attir\u00e9s par l\u2019eau dans les WC, et malheureusement des accidents sont relat\u00e9s. V\u00e9rifier aussi que le chat ne soit pas sous le canap\u00e9 lit avant de refermer<\/p>\n<p><img loading=\"lazy\" decoding=\"async\" src=\"https:\/\/fr.mypet.com\/wp-content\/uploads\/sites\/10\/2024\/02\/chat-toilette-danger.jpg\" alt=\"chat-toilette-danger\" width=\"230\" height=\"139\"><\/p>\t\t\t\t\t\t<\/div>\n\t\t\t\t<\/div>\n\t\t\t\t<\/div>\n\t\t<div class=\"elementor-element elementor-element-4560d80 e-con-full e-flex e-con e-child\" data-id=\"4560d80\" data-element_type=\"container\">\n\t\t\t\t<div class=\"elementor-element elementor-element-63b6b8b elementor-widget elementor-widget-text-editor\" data-id=\"63b6b8b\" data-element_type=\"widget\" data-widget_type=\"text-editor.default\">\n\t\t\t\t<div class=\"elementor-widget-container\">\n\t\t\t\t\t\t\t<p>Durant les premi\u00e8res semaines suivant son arriv\u00e9e, il faut lui<br \/>laisser le temps de d\u00e9couvrir les diff\u00e9rentes pi\u00e8ces de la<br \/>maison.<br \/>Selon le type d&rsquo;habitation, cela peut \u00eatre plus ou moins long<br \/>mais il ne faut jamais le laisser s&rsquo;aventurer vers les ext\u00e9rieurs<br \/>tout de suite.<\/p><p>Au bout de quelque temps, et jamais tout seul, on peux lui laisser d\u00e9couvrir le balcon et la terrasse qu&rsquo;on aura, au pr\u00e9alable, s\u00e9curis\u00e9(e) au maximum.<br \/>De nombreux chats, m\u00eame adultes, font des chutes et si<br \/>une partie s&rsquo;en sort indemne, ce n&rsquo;est pas toujours le cas.<br \/>Soyez VIGILANTS !<\/p><p><img decoding=\"async\" class=\"aligncenter\" src=\"https:\/\/img.freepik.com\/photos-premium\/photographie-dynamique-animaux-capture-beaute-du-comportement-diversite-faune_914383-39762.jpg\" alt=\"Images de Petits Chats | Freepik\" \/><\/p><p><img decoding=\"async\" class=\"aligncenter\" src=\"https:\/\/i.pinimg.com\/550x\/e8\/bd\/e9\/e8bde9992384be128458d25d749cefe1.jpg\" alt=\"balcon chat\" \/><\/p>\t\t\t\t\t\t<\/div>\n\t\t\t\t<\/div>\n\t\t\t\t<\/div>\n\t\t\t\t\t<\/div>\n\t\t\t\t<\/div>\n\t\t\t\t<\/div>\n\t\t","protected":false},"excerpt":{"rendered":"<p>Nos conseils post adoption Chien Nos conseils post adoption chat L&rsquo;arriv\u00e9e d&rsquo;un chaton dans une famille est toujours une sourcede joie et de rires : ce sont des pitreries sans fin et des aventures o\u00f9 tout est pr\u00e9texte aux jeux !Attention, comme les b\u00e9b\u00e9s humains, ils n&rsquo;ont pas conscience des dangers domestiques que repr\u00e9sente une &hellip; <\/p>\n","protected":false},"author":1,"featured_media":0,"parent":0,"menu_order":0,"comment_status":"closed","ping_status":"closed","template":"","meta":{"footnotes":""},"_links":{"self":[{"href":"https:\/\/pourlebonheurdesloulous.fr\/index.php?rest_route=\/wp\/v2\/pages\/1912"}],"collection":[{"href":"https:\/\/pourlebonheurdesloulous.fr\/index.php?rest_route=\/wp\/v2\/pages"}],"about":[{"href":"https:\/\/pourlebonheurdesloulous.fr\/index.php?rest_route=\/wp\/v2\/types\/page"}],"author":[{"embeddable":true,"href":"https:\/\/pourlebonheurdesloulous.fr\/index.php?rest_route=\/wp\/v2\/users\/1"}],"replies":[{"embeddable":true,"href":"https:\/\/pourlebonheurdesloulous.fr\/index.php?rest_route=%2Fwp%2Fv2%2Fcomments&post=1912"}],"version-history":[{"count":22,"href":"https:\/\/pourlebonheurdesloulous.fr\/index.php?rest_route=\/wp\/v2\/pages\/1912\/revisions"}],"predecessor-version":[{"id":3199,"href":"https:\/\/pourlebonheurdesloulous.fr\/index.php?rest_route=\/wp\/v2\/pages\/1912\/revisions\/3199"}],"wp:attachment":[{"href":"https:\/\/pourlebonheurdesloulous.fr\/index.php?rest_route=%2Fwp%2Fv2%2Fmedia&parent=1912"}],"curies":[{"name":"wp","href":"https:\/\/api.w.org\/{rel}","templated":true}]}}