{"id":1720,"date":"2024-04-28T19:11:51","date_gmt":"2024-04-28T17:11:51","guid":{"rendered":"http:\/\/pourlebonheurdesloulous.fr\/?page_id=1720"},"modified":"2024-11-04T19:13:55","modified_gmt":"2024-11-04T18:13:55","slug":"faire-un-don","status":"publish","type":"page","link":"https:\/\/pourlebonheurdesloulous.fr\/?page_id=1720","title":{"rendered":"Faire un don"},"content":{"rendered":"\t\t<div data-elementor-type=\"wp-page\" data-elementor-id=\"1720\" class=\"elementor elementor-1720\">\n\t\t\t\t<div class=\"elementor-element elementor-element-8df40d2 e-flex e-con-boxed e-con e-parent\" data-id=\"8df40d2\" data-element_type=\"container\" data-core-v316-plus=\"true\">\n\t\t\t\t\t<div class=\"e-con-inner\">\n\t\t\t\t<div class=\"elementor-element elementor-element-2948618 elementor-widget elementor-widget-image\" data-id=\"2948618\" data-element_type=\"widget\" data-widget_type=\"image.default\">\n\t\t\t\t<div class=\"elementor-widget-container\">\n\t\t\t<style>\/*! elementor - v3.20.0 - 26-03-2024 *\/\n.elementor-widget-image{text-align:center}.elementor-widget-image a{display:inline-block}.elementor-widget-image a img[src$=\".svg\"]{width:48px}.elementor-widget-image img{vertical-align:middle;display:inline-block}<\/style>\t\t\t\t\t\t\t\t\t\t<img fetchpriority=\"high\" decoding=\"async\" width=\"768\" height=\"1086\" src=\"https:\/\/pourlebonheurdesloulous.fr\/wp-content\/uploads\/2024\/09\/Campagne-de-dons-rentree-Septembre-2024-3-768x1086.jpg\" class=\"attachment-medium_large size-medium_large wp-image-2570\" alt=\"\" srcset=\"https:\/\/pourlebonheurdesloulous.fr\/wp-content\/uploads\/2024\/09\/Campagne-de-dons-rentree-Septembre-2024-3-768x1086.jpg 768w, https:\/\/pourlebonheurdesloulous.fr\/wp-content\/uploads\/2024\/09\/Campagne-de-dons-rentree-Septembre-2024-3-212x300.jpg 212w, https:\/\/pourlebonheurdesloulous.fr\/wp-content\/uploads\/2024\/09\/Campagne-de-dons-rentree-Septembre-2024-3-724x1024.jpg 724w, https:\/\/pourlebonheurdesloulous.fr\/wp-content\/uploads\/2024\/09\/Campagne-de-dons-rentree-Septembre-2024-3-1086x1536.jpg 1086w, https:\/\/pourlebonheurdesloulous.fr\/wp-content\/uploads\/2024\/09\/Campagne-de-dons-rentree-Septembre-2024-3-1448x2048.jpg 1448w, https:\/\/pourlebonheurdesloulous.fr\/wp-content\/uploads\/2024\/09\/Campagne-de-dons-rentree-Septembre-2024-3-42x60.jpg 42w, https:\/\/pourlebonheurdesloulous.fr\/wp-content\/uploads\/2024\/09\/Campagne-de-dons-rentree-Septembre-2024-3.jpg 1587w\" sizes=\"(max-width: 768px) 100vw, 768px\" \/>\t\t\t\t\t\t\t\t\t\t\t\t\t<\/div>\n\t\t\t\t<\/div>\n\t\t\t\t<div class=\"elementor-element elementor-element-9a5fccd elementor-widget elementor-widget-text-editor\" data-id=\"9a5fccd\" data-element_type=\"widget\" data-widget_type=\"text-editor.default\">\n\t\t\t\t<div class=\"elementor-widget-container\">\n\t\t\t<style>\/*! elementor - v3.20.0 - 26-03-2024 *\/\n.elementor-widget-text-editor.elementor-drop-cap-view-stacked .elementor-drop-cap{background-color:#69727d;color:#fff}.elementor-widget-text-editor.elementor-drop-cap-view-framed .elementor-drop-cap{color:#69727d;border:3px solid;background-color:transparent}.elementor-widget-text-editor:not(.elementor-drop-cap-view-default) .elementor-drop-cap{margin-top:8px}.elementor-widget-text-editor:not(.elementor-drop-cap-view-default) .elementor-drop-cap-letter{width:1em;height:1em}.elementor-widget-text-editor .elementor-drop-cap{float:left;text-align:center;line-height:1;font-size:50px}.elementor-widget-text-editor .elementor-drop-cap-letter{display:inline-block}<\/style>\t\t\t\t<p>Nous lan\u00e7ons une campagne aux dons pour la Rentr\u00e9e de Septembre <strong>2024.<\/strong><\/p>\n<p>\u00a0Nous avons besoin de vous pour les loulous abandonn\u00e9s pendant les vacances estivales et \u00e9galement pour les soins et les st\u00e9rilisations des chats errants qui ne sont pas pris en charge par la majorit\u00e9 de nos communes.<\/p>\n<p style=\"margin-left: 0;\">Voici des exemples de tarifs moyens et en fonction de ce que nous accordent les v\u00e9t\u00e9rinaires :<\/p>\n<p style=\"margin-left: 0;\">10\u20ac : Achat d\u2019un vermifuge<br \/><span style=\"color: var( --e-global-color-text ); font-family: var( --e-global-typography-text-font-family ), Sans-serif; font-weight: var( --e-global-typography-text-font-weight ); text-align: var(--text-align);\">20 \u20ac\u00a0: 1 journ\u00e9e en pension \u00e9ducative (prix par jour d\u2019une pension simple)<br \/><\/span><span style=\"color: var( --e-global-color-text ); font-family: var( --e-global-typography-text-font-family ), Sans-serif; font-weight: var( --e-global-typography-text-font-weight ); text-align: var(--text-align);\">30\u20ac : 1 s\u00e9ance d\u2019\u00e9ducation<br \/><\/span><span style=\"color: var( --e-global-color-text ); font-family: var( --e-global-typography-text-font-family ), Sans-serif; font-weight: var( --e-global-typography-text-font-weight ); text-align: var(--text-align);\">40\u20ac : 1 journ\u00e9e de pension r\u00e9habilitation (\u00e9ducative)<br \/><\/span><span style=\"color: var( --e-global-color-text ); font-family: var( --e-global-typography-text-font-family ), Sans-serif; font-weight: var( --e-global-typography-text-font-weight ); text-align: var(--text-align);\">80\u20ac : achat de nourriture sp\u00e9cifique chat (hypoallerg\u00e9nique ou r\u00e9nale par exemple)<br \/><\/span><span style=\"color: var( --e-global-color-text ); font-family: var( --e-global-typography-text-font-family ), Sans-serif; font-weight: var( --e-global-typography-text-font-weight ); text-align: var(--text-align);\">100 \u20ac\u00a0: Une st\u00e9rilisation chatte errante<br \/><\/span><span style=\"color: var( --e-global-color-text ); font-family: var( --e-global-typography-text-font-family ), Sans-serif; font-weight: var( --e-global-typography-text-font-weight ); text-align: var(--text-align);\">120\u20ac : 1 Bilan comportemental lors de la prise en charge d\u2019un chien<br \/><\/span><span style=\"color: var( --e-global-color-text ); font-family: var( --e-global-typography-text-font-family ), Sans-serif; font-weight: var( --e-global-typography-text-font-weight ); text-align: var(--text-align);\">150 \u20ac\u00a0: Tests FIV et Felv et bilan sanguin chats<br \/><\/span><span style=\"color: var( --e-global-color-text ); font-family: var( --e-global-typography-text-font-family ), Sans-serif; font-weight: var( --e-global-typography-text-font-weight ); text-align: var(--text-align);\">200 \u20ac\u00a0: Prix minimum pour soigner un chat errant bless\u00e9<br \/><\/span><span style=\"color: var( --e-global-color-text ); font-family: var( --e-global-typography-text-font-family ), Sans-serif; font-weight: var( --e-global-typography-text-font-weight ); text-align: var(--text-align);\">600\u20ac : une pension mensuelle simple prix asso (environ 20\u20ac\/jour)<\/span><\/p>\n<p><span style=\"color: var( --e-global-color-text ); font-family: var( --e-global-typography-text-font-family ), Sans-serif; font-weight: var( --e-global-typography-text-font-weight ); text-align: var(--text-align);\">Et sp\u00e9cialement pour nos loulous en photo sur l&rsquo;affiche :\u00a0<\/span><\/p>\n<ul>\n<li><strong>Jazz<\/strong> en pension par manque de famille d\u2019accueil. Co\u00fbt mensuel 250\u20ac.<\/li>\n<li><strong>Chatons<\/strong> en cours de socialisation, chatte accueillie gestante : 6 petits sont n\u00e9s le 31.08.2024<\/li>\n<li><strong>TA\u00cfGA et SENSHI<\/strong> en r\u00e9habilitation avant mise \u00e0 l\u2019adoption : co\u00fbt pour l\u2019association 60\u20ac chacun et par s\u00e9ances.<\/li>\n<li><strong>BELLA<\/strong> trouv\u00e9e errante non identifi\u00e9e, non st\u00e9rilis\u00e9e. Frais de v\u00e9t\u00e9rinaires en cours.<\/li>\n<\/ul>\n<p><strong>Gr\u00e2ce \u00e0 vous<\/strong>\u00a0nous pourrons continuer nos actions de\u00a0<strong>sauvetages<\/strong>, de\u00a0<strong>soins<\/strong>, d\u2019<strong>\u00e9ducation<\/strong>\u00a0et\u00a0<strong>alimenter comme il\u00a0<\/strong>se doit tous les animaux dans le besoin avant de pouvoir leur retrouver une famille pour la vie !<\/p>\n<p>Au nom de tous nos petits prot\u00e9g\u00e9s nous vous remercions du fond du c\u0153ur pour votre acte g\u00e9n\u00e9reux.<\/p>\n<p>Pour le Bonheur des Loulous<\/p>\n<p><a href=\"https:\/\/www.helloasso.com\/associations\/pour-le-bonheur-des-loulous\/formulaires\/1\"><img decoding=\"async\" class=\"aligncenter\" src=\"http:\/\/pourlebonheurdesloulous.fr\/wp-content\/uploads\/2024\/05\/faire-un-don-150x150.jpg\" alt=\"\" width=\"150\" height=\"150\" \/><\/a><\/p>\t\t\t\t\t\t<\/div>\n\t\t\t\t<\/div>\n\t\t\t\t\t<\/div>\n\t\t\t\t<\/div>\n\t\t<div class=\"elementor-element elementor-element-a5e810c e-flex e-con-boxed e-con e-parent\" data-id=\"a5e810c\" data-element_type=\"container\" data-core-v316-plus=\"true\">\n\t\t\t\t\t<div class=\"e-con-inner\">\n\t\t\t\t\t<\/div>\n\t\t\t\t<\/div>\n\t\t<div class=\"elementor-element elementor-element-c39d2b5 e-flex e-con-boxed e-con e-parent\" data-id=\"c39d2b5\" data-element_type=\"container\" data-core-v316-plus=\"true\">\n\t\t\t\t\t<div class=\"e-con-inner\">\n\t\t\t\t<div class=\"elementor-element elementor-element-2bb2d6f elementor-widget elementor-widget-text-editor\" data-id=\"2bb2d6f\" data-element_type=\"widget\" data-widget_type=\"text-editor.default\">\n\t\t\t\t<div class=\"elementor-widget-container\">\n\t\t\t\t\t\t\t<p style=\"text-align: left;\">Vous souhaitez nous aider, voici quelques id\u00e9es:<\/p>\n<p style=\"text-align: left;\"><!-- \/wp:paragraph --><!-- wp:list --><\/p>\n<ul style=\"text-align: left;\">\n<li>1 euro par mois, c\u2019est le principe du teaming, car chaque euro compte pour notre association. Rejoignez nous sur <a href=\"https:\/\/www.teaming.net\/lous?lang=fr_FR&amp;fbclid=IwAR06WylRD8t46deGaoy6dS9urUWXLorNVbmXjkNhrZBncmtSmE7vez_NsBM\">teaming<\/a>\u00a0\u00a0!<\/li>\n<\/ul>\n<p><a href=\"https:\/\/www.teaming.net\/lous?lang=fr_FR\"><img decoding=\"async\" class=\"wp-image-1943 size-medium\" src=\"http:\/\/pourlebonheurdesloulous.fr\/wp-content\/uploads\/2024\/05\/teaming-300x128.jpeg\" alt=\"\" width=\"300\" height=\"128\" srcset=\"https:\/\/pourlebonheurdesloulous.fr\/wp-content\/uploads\/2024\/05\/teaming-300x128.jpeg 300w, https:\/\/pourlebonheurdesloulous.fr\/wp-content\/uploads\/2024\/05\/teaming-768x327.jpeg 768w, https:\/\/pourlebonheurdesloulous.fr\/wp-content\/uploads\/2024\/05\/teaming-141x60.jpeg 141w, https:\/\/pourlebonheurdesloulous.fr\/wp-content\/uploads\/2024\/05\/teaming.jpeg 1002w\" sizes=\"(max-width: 300px) 100vw, 300px\" \/><\/a><\/p>\n<ul style=\"text-align: left;\">\n<li>un don de nourriture, liti\u00e8re, jouets, etc. est toujours le bienvenu et tr\u00e8s appr\u00e9ci\u00e9 par nos loulous\u00a0<\/li>\n<li>un don financier pour nous permettre de r\u00e9gler les factures des v\u00e9t\u00e9rinaires (st\u00e9rilisations, vaccinations, bilans sanguins, radios op\u00e9rations, etc..). Vous pouvez nous le faire parvenir via <a href=\"https:\/\/www.paypal.com\/paypalme\/pourlebonheurdeslou?locale.x=fr_FR&amp;fbclid=IwAR2Ofi2Jq9ef9oy-HKuw0ovWBIZQytJP40L2Y498EZA2qOezsLumRSAdb94\" target=\"_blank\" rel=\"noreferrer noopener\">paypal<\/a>, Hello Asso ou par virement bancaire, le rib vous sera communiqu\u00e9 \u00e0 la demande.<\/li>\n<li><a href=\"http:\/\/pourlebonheurdesloulous.fr\/?page_id=2\">devenir famille d\u2019accueil\u00a0<\/a><\/li>\n<li>avez-vous envie de devenir b\u00e9n\u00e9vole? Nous sommes \u00e0 la recherche de b\u00e9n\u00e9voles pour par ex. participer \u00e0 des collectes de nourriture, assurer les visites pr\u00e9 et post adoption, ou pour du travail administratif.Nous assurons bien sur votre formation.<\/li>\n<li>vous avez de vieilles\u00a0\u00a0couvertures et serviettes que vous n\u2019utilisez plus? Ne les jetez pas s\u2019il vous pla\u00eet, nous en avons toujours besoin, nous les utilisons pour le transport des loulous\u00a0\u00a0<\/li>\n<\/ul>\n<p style=\"text-align: left;\"><!-- \/wp:list --><!-- wp:paragraph --><\/p>\n<p style=\"text-align: left;\">Vous pouvez nous contacter par <a href=\"mailto:pourlebonheurdesloulous@gmail.com\">e-mail<\/a><\/p>\n<p><!-- \/wp:paragraph --><!-- wp:paragraph --><\/p>\n<p><!-- \/wp:paragraph --><!-- wp:paragraph --><\/p>\t\t\t\t\t\t<\/div>\n\t\t\t\t<\/div>\n\t\t\t\t\t<\/div>\n\t\t\t\t<\/div>\n\t\t<div class=\"elementor-element elementor-element-83ccd8a e-flex e-con-boxed e-con e-parent\" data-id=\"83ccd8a\" data-element_type=\"container\" data-core-v316-plus=\"true\">\n\t\t\t\t\t<div class=\"e-con-inner\">\n\t\t\t\t<div class=\"elementor-element elementor-element-fe13331 elementor-widget elementor-widget-text-editor\" data-id=\"fe13331\" data-element_type=\"widget\" data-widget_type=\"text-editor.default\">\n\t\t\t\t<div class=\"elementor-widget-container\">\n\t\t\t\t\t\t\t<h1><strong>HELLO ASSO<\/strong><iframe id=\"haWidget\" style=\"width: 100%; height: 70px; border: none;\" src=\"https:\/\/www.helloasso.com\/associations\/pour-le-bonheur-des-loulous\/formulaires\/1\/widget-bouton\"><\/iframe><\/h1>\t\t\t\t\t\t<\/div>\n\t\t\t\t<\/div>\n\t\t\t\t\t<\/div>\n\t\t\t\t<\/div>\n\t\t<div class=\"elementor-element elementor-element-d8cea75 e-flex e-con-boxed e-con e-parent\" data-id=\"d8cea75\" data-element_type=\"container\" data-core-v316-plus=\"true\">\n\t\t\t\t\t<div class=\"e-con-inner\">\n\t\t\t\t<div class=\"elementor-element elementor-element-43ff58c elementor-widget elementor-widget-text-editor\" data-id=\"43ff58c\" data-element_type=\"widget\" data-widget_type=\"text-editor.default\">\n\t\t\t\t<div class=\"elementor-widget-container\">\n\t\t\t\t\t\t\t<p><a href=\"https:\/\/www.paypal.com\/paypalme\/pourlebonheurdeslou?locale.x=fr_FR\"><img loading=\"lazy\" decoding=\"async\" class=\"alignnone  wp-image-2434\" src=\"http:\/\/pourlebonheurdesloulous.fr\/wp-content\/uploads\/2024\/06\/paypal-150x150.png\" alt=\"\" width=\"119\" height=\"119\" srcset=\"https:\/\/pourlebonheurdesloulous.fr\/wp-content\/uploads\/2024\/06\/paypal-150x150.png 150w, https:\/\/pourlebonheurdesloulous.fr\/wp-content\/uploads\/2024\/06\/paypal-61x60.png 61w\" sizes=\"(max-width: 119px) 100vw, 119px\" \/><\/a><\/p>\t\t\t\t\t\t<\/div>\n\t\t\t\t<\/div>\n\t\t\t\t\t<\/div>\n\t\t\t\t<\/div>\n\t\t\t\t<\/div>\n\t\t","protected":false},"excerpt":{"rendered":"<p>Nous lan\u00e7ons une campagne aux dons pour la Rentr\u00e9e de Septembre 2024. \u00a0Nous avons besoin de vous pour les loulous abandonn\u00e9s pendant les vacances estivales et \u00e9galement pour les soins et les st\u00e9rilisations des chats errants qui ne sont pas pris en charge par la majorit\u00e9 de nos communes. Voici des exemples de tarifs moyens &hellip; <\/p>\n","protected":false},"author":1,"featured_media":0,"parent":0,"menu_order":0,"comment_status":"closed","ping_status":"closed","template":"","meta":{"footnotes":""},"_links":{"self":[{"href":"https:\/\/pourlebonheurdesloulous.fr\/index.php?rest_route=\/wp\/v2\/pages\/1720"}],"collection":[{"href":"https:\/\/pourlebonheurdesloulous.fr\/index.php?rest_route=\/wp\/v2\/pages"}],"about":[{"href":"https:\/\/pourlebonheurdesloulous.fr\/index.php?rest_route=\/wp\/v2\/types\/page"}],"author":[{"embeddable":true,"href":"https:\/\/pourlebonheurdesloulous.fr\/index.php?rest_route=\/wp\/v2\/users\/1"}],"replies":[{"embeddable":true,"href":"https:\/\/pourlebonheurdesloulous.fr\/index.php?rest_route=%2Fwp%2Fv2%2Fcomments&post=1720"}],"version-history":[{"count":70,"href":"https:\/\/pourlebonheurdesloulous.fr\/index.php?rest_route=\/wp\/v2\/pages\/1720\/revisions"}],"predecessor-version":[{"id":2741,"href":"https:\/\/pourlebonheurdesloulous.fr\/index.php?rest_route=\/wp\/v2\/pages\/1720\/revisions\/2741"}],"wp:attachment":[{"href":"https:\/\/pourlebonheurdesloulous.fr\/index.php?rest_route=%2Fwp%2Fv2%2Fmedia&parent=1720"}],"curies":[{"name":"wp","href":"https:\/\/api.w.org\/{rel}","templated":true}]}}