{"id":1718,"date":"2024-04-28T19:11:35","date_gmt":"2024-04-28T17:11:35","guid":{"rendered":"http:\/\/pourlebonheurdesloulous.fr\/?page_id=1718"},"modified":"2024-05-21T15:23:56","modified_gmt":"2024-05-21T13:23:56","slug":"parrainage","status":"publish","type":"page","link":"https:\/\/pourlebonheurdesloulous.fr\/?page_id=1718","title":{"rendered":"Parrainage"},"content":{"rendered":"\t\t<div data-elementor-type=\"wp-page\" data-elementor-id=\"1718\" class=\"elementor elementor-1718\">\n\t\t\t\t<div class=\"elementor-element elementor-element-dbd4291 e-flex e-con-boxed e-con e-parent\" data-id=\"dbd4291\" data-element_type=\"container\" data-core-v316-plus=\"true\">\n\t\t\t\t\t<div class=\"e-con-inner\">\n\t\t\t\t<div class=\"elementor-element elementor-element-4613dab elementor-widget elementor-widget-heading\" data-id=\"4613dab\" data-element_type=\"widget\" data-widget_type=\"heading.default\">\n\t\t\t\t<div class=\"elementor-widget-container\">\n\t\t\t<style>\/*! elementor - v3.20.0 - 26-03-2024 *\/\n.elementor-heading-title{padding:0;margin:0;line-height:1}.elementor-widget-heading .elementor-heading-title[class*=elementor-size-]>a{color:inherit;font-size:inherit;line-height:inherit}.elementor-widget-heading .elementor-heading-title.elementor-size-small{font-size:15px}.elementor-widget-heading .elementor-heading-title.elementor-size-medium{font-size:19px}.elementor-widget-heading .elementor-heading-title.elementor-size-large{font-size:29px}.elementor-widget-heading .elementor-heading-title.elementor-size-xl{font-size:39px}.elementor-widget-heading .elementor-heading-title.elementor-size-xxl{font-size:59px}<\/style><h2 class=\"elementor-heading-title elementor-size-default\">LE PARRAINAGE DE NOS LOULOUS\u00a0<\/h2>\t\t<\/div>\n\t\t\t\t<\/div>\n\t\t\t\t\t<\/div>\n\t\t\t\t<\/div>\n\t\t<div class=\"elementor-element elementor-element-1460192 e-flex e-con-boxed e-con e-parent\" data-id=\"1460192\" data-element_type=\"container\" data-core-v316-plus=\"true\">\n\t\t\t\t\t<div class=\"e-con-inner\">\n\t\t\t\t<div class=\"elementor-element elementor-element-1c97ed2 elementor-widget elementor-widget-text-editor\" data-id=\"1c97ed2\" data-element_type=\"widget\" data-widget_type=\"text-editor.default\">\n\t\t\t\t<div class=\"elementor-widget-container\">\n\t\t\t<style>\/*! elementor - v3.20.0 - 26-03-2024 *\/\n.elementor-widget-text-editor.elementor-drop-cap-view-stacked .elementor-drop-cap{background-color:#69727d;color:#fff}.elementor-widget-text-editor.elementor-drop-cap-view-framed .elementor-drop-cap{color:#69727d;border:3px solid;background-color:transparent}.elementor-widget-text-editor:not(.elementor-drop-cap-view-default) .elementor-drop-cap{margin-top:8px}.elementor-widget-text-editor:not(.elementor-drop-cap-view-default) .elementor-drop-cap-letter{width:1em;height:1em}.elementor-widget-text-editor .elementor-drop-cap{float:left;text-align:center;line-height:1;font-size:50px}.elementor-widget-text-editor .elementor-drop-cap-letter{display:inline-block}<\/style>\t\t\t\t<div dir=\"ltr\"><p><strong>Vous ne pouvez pas adopter dans l\u2019imm\u00e9diat ?\u00a0<\/strong><\/p><p><strong>Faites une bonne action: PARRAINEZ !<\/strong><\/p><p>Etre parrain ou marraine, c&rsquo;est agir concr\u00e8tement pour aider un animal:<\/p><p>Certains animaux ne sont pas adoptables en raison de leur \u00e2ge et\/ou de leurs pathologies.<\/p><p>Pour leur permettre de vivre dans de bonnes conditions, l\u2019association propose, aux foyers qui souhaitent les accompagner, un contrat FALD <strong>\u00ab\u00a0famille d\u2019accueil longue dur\u00e9e\u00a0\u00bb<\/strong>.\u00a0<\/p><p>C\u2019est \u00e0 dire que nous restons engag\u00e9s pendant toute la dur\u00e9e de vie de l\u2019animal pour fournir la nourriture adapt\u00e9e, la liti\u00e8re pour les chats et tous les frais v\u00e9t\u00e9rinaires n\u00e9cessaires.\u00a0<\/p><p>Ce peut \u00eatre simplement pour nous aider aux soins (identification, vaccination d\u00e9parasitage interne et externe, st\u00e9rilisation, soins des yeux et des oreilles pour certains etc), nourriture et friandises des animaux que nous pr\u00e9sentons \u00e0 l\u2019adoption le temps de leur trouver une famille pour la vie.<\/p><p>Souvent nous devons assumer des frais d\u2019\u00e9ducation ou de r\u00e9habilitation pour les chiens qu\u2019on nous abandonne, avant de pouvoir les proposer \u00e0 l\u2019adoption.<\/p><p>D\u00e8s que nous le pouvons, nous leur proposons, en accord avec les v\u00e9t\u00e9rinaires, des compl\u00e9ments alimentaires ou s\u00e9ances d\u2019ost\u00e9opathie par exemple pour leur assurer un confort de vie.<\/p><p>Nous avions d\u2019ailleurs d\u00fb assumer des s\u00e9ances de baln\u00e9oth\u00e9rapie suite aux probl\u00e8mes de ligaments crois\u00e9s de L\u00e9o que nous avions \u00e0 l\u2019adoption.<\/p><p>Nos chiens, chats ou NAC appr\u00e9cieront cette attention particuli\u00e8re.\u00a0<\/p><p><br \/>Votre contribution pr\u00e9cieuse nous permettra de garantir \u00e0 nos Loulous une vie plus douce \u00e9galement en leur proposant un couchage plus confortable, un toilettage, des jouets, des friandises adapt\u00e9es, etc..<\/p><p><strong>Comment faire pour parrainer nos Loulous ?<\/strong><\/p><p>Le montant minimum pour un parrainage est de 5\u20ac par mois et par filleul(e).\u00a0<br \/>Vous pouvez, bien s\u00fbr, parrainer un ou plusieurs animaux.<\/p><p>Sachez que le montant du parrainage est consid\u00e9r\u00e9 comme un don.\u00a0<\/p><p>De ce fait, il ouvre droit \u00e0 une r\u00e9duction d\u2019imp\u00f4ts de 66 %.\u00a0<\/p><p>Par exemple, avec un parrainage de 10 euros vous b\u00e9n\u00e9ficierez de 6.60\u20ac de r\u00e9duction fiscale.<\/p><p>Vous recevrez votre re\u00e7u fiscal apr\u00e8s l\u2019ann\u00e9e \u00e9coul\u00e9e.<\/p><p>Vous pourrez arr\u00eater le parrainage \u00e0 tout moment.<\/p><p>Comment faire pour parrainer un animal ?<\/p><p>Regardez nos animaux en FALD \u00e0 parrainer ci-dessous ou nos animaux \u00e0 l\u2019adoption dans le menu \u00ab\u00a0adoption\u00a0\u00bb.<\/p><p>Remplissez le formulaire de parrainage dont le lien se trouve en bas de la fiche de chaque animal.<\/p><p>Le paiement devra se faire par virement avant le 10 du mois.<\/p><p>Si votre filleul(e) est adopt\u00e9(e), vous serez averti dans les plus brefs d\u00e9lais.<\/p><p>Vous pourrez, bien entendu, \u00e0 tout moment stopper votre parrainage, sur simple demande.<\/p><p>Nous nous ferons un plaisir de vous donner des nouvelles r\u00e9guli\u00e8res de votre filleul(e) via notre site internet \u00abLes parrains et marraines Pour le bonheur des Loulous \u00bb.<\/p><\/div>\t\t\t\t\t\t<\/div>\n\t\t\t\t<\/div>\n\t\t\t\t\t<\/div>\n\t\t\t\t<\/div>\n\t\t<div class=\"elementor-element elementor-element-128f881 e-flex e-con-boxed e-con e-parent\" data-id=\"128f881\" data-element_type=\"container\" data-core-v316-plus=\"true\">\n\t\t\t\t\t<div class=\"e-con-inner\">\n\t\t\t\t<div class=\"elementor-element elementor-element-a47f6ad elementor-widget elementor-widget-heading\" data-id=\"a47f6ad\" data-element_type=\"widget\" data-widget_type=\"heading.default\">\n\t\t\t\t<div class=\"elementor-widget-container\">\n\t\t\t<h2 class=\"elementor-heading-title elementor-size-default\">JAZZ<\/h2>\t\t<\/div>\n\t\t\t\t<\/div>\n\t\t\t\t\t<\/div>\n\t\t\t\t<\/div>\n\t\t<div class=\"elementor-element elementor-element-f9a4913 e-flex e-con-boxed e-con e-parent\" data-id=\"f9a4913\" data-element_type=\"container\" data-core-v316-plus=\"true\">\n\t\t\t\t\t<div class=\"e-con-inner\">\n\t\t<div class=\"elementor-element elementor-element-a790ff3 e-con-full e-flex e-con e-child\" data-id=\"a790ff3\" data-element_type=\"container\">\n\t\t\t\t<div class=\"elementor-element elementor-element-0368bb1 elementor-widget elementor-widget-image\" data-id=\"0368bb1\" data-element_type=\"widget\" data-widget_type=\"image.default\">\n\t\t\t\t<div class=\"elementor-widget-container\">\n\t\t\t<style>\/*! elementor - v3.20.0 - 26-03-2024 *\/\n.elementor-widget-image{text-align:center}.elementor-widget-image a{display:inline-block}.elementor-widget-image a img[src$=\".svg\"]{width:48px}.elementor-widget-image img{vertical-align:middle;display:inline-block}<\/style>\t\t\t\t\t\t\t\t\t\t<img fetchpriority=\"high\" decoding=\"async\" width=\"768\" height=\"960\" src=\"https:\/\/pourlebonheurdesloulous.fr\/wp-content\/uploads\/2024\/05\/443734859_18003547943571250_3020001767902647052_n-768x960.jpg\" class=\"attachment-medium_large size-medium_large wp-image-2293\" alt=\"\" srcset=\"https:\/\/pourlebonheurdesloulous.fr\/wp-content\/uploads\/2024\/05\/443734859_18003547943571250_3020001767902647052_n-768x960.jpg 768w, https:\/\/pourlebonheurdesloulous.fr\/wp-content\/uploads\/2024\/05\/443734859_18003547943571250_3020001767902647052_n-240x300.jpg 240w, https:\/\/pourlebonheurdesloulous.fr\/wp-content\/uploads\/2024\/05\/443734859_18003547943571250_3020001767902647052_n-819x1024.jpg 819w, https:\/\/pourlebonheurdesloulous.fr\/wp-content\/uploads\/2024\/05\/443734859_18003547943571250_3020001767902647052_n-1229x1536.jpg 1229w, https:\/\/pourlebonheurdesloulous.fr\/wp-content\/uploads\/2024\/05\/443734859_18003547943571250_3020001767902647052_n-48x60.jpg 48w, https:\/\/pourlebonheurdesloulous.fr\/wp-content\/uploads\/2024\/05\/443734859_18003547943571250_3020001767902647052_n.jpg 1440w\" sizes=\"(max-width: 768px) 100vw, 768px\" \/>\t\t\t\t\t\t\t\t\t\t\t\t\t<\/div>\n\t\t\t\t<\/div>\n\t\t\t\t<\/div>\n\t\t<div class=\"elementor-element elementor-element-3770a8d e-con-full e-flex e-con e-child\" data-id=\"3770a8d\" data-element_type=\"container\">\n\t\t\t\t<div class=\"elementor-element elementor-element-9aee22f elementor-widget elementor-widget-image\" data-id=\"9aee22f\" data-element_type=\"widget\" data-widget_type=\"image.default\">\n\t\t\t\t<div class=\"elementor-widget-container\">\n\t\t\t\t\t\t\t\t\t\t\t\t\t<img decoding=\"async\" width=\"768\" height=\"960\" src=\"https:\/\/pourlebonheurdesloulous.fr\/wp-content\/uploads\/2024\/05\/443713304_18003547934571250_8383689660146215038_n-768x960.jpg\" class=\"attachment-medium_large size-medium_large wp-image-2294\" alt=\"\" srcset=\"https:\/\/pourlebonheurdesloulous.fr\/wp-content\/uploads\/2024\/05\/443713304_18003547934571250_8383689660146215038_n-768x960.jpg 768w, https:\/\/pourlebonheurdesloulous.fr\/wp-content\/uploads\/2024\/05\/443713304_18003547934571250_8383689660146215038_n-240x300.jpg 240w, https:\/\/pourlebonheurdesloulous.fr\/wp-content\/uploads\/2024\/05\/443713304_18003547934571250_8383689660146215038_n-819x1024.jpg 819w, https:\/\/pourlebonheurdesloulous.fr\/wp-content\/uploads\/2024\/05\/443713304_18003547934571250_8383689660146215038_n-1229x1536.jpg 1229w, https:\/\/pourlebonheurdesloulous.fr\/wp-content\/uploads\/2024\/05\/443713304_18003547934571250_8383689660146215038_n-48x60.jpg 48w, https:\/\/pourlebonheurdesloulous.fr\/wp-content\/uploads\/2024\/05\/443713304_18003547934571250_8383689660146215038_n.jpg 1440w\" sizes=\"(max-width: 768px) 100vw, 768px\" \/>\t\t\t\t\t\t\t\t\t\t\t\t\t<\/div>\n\t\t\t\t<\/div>\n\t\t\t\t<\/div>\n\t\t\t\t\t<\/div>\n\t\t\t\t<\/div>\n\t\t<div class=\"elementor-element elementor-element-05466fe e-flex e-con-boxed e-con e-parent\" data-id=\"05466fe\" data-element_type=\"container\" data-core-v316-plus=\"true\">\n\t\t\t\t\t<div class=\"e-con-inner\">\n\t\t\t\t<div class=\"elementor-element elementor-element-0bb443c elementor-widget elementor-widget-text-editor\" data-id=\"0bb443c\" data-element_type=\"widget\" data-widget_type=\"text-editor.default\">\n\t\t\t\t<div class=\"elementor-widget-container\">\n\t\t\t\t\t\t\t<div class=\"x11i5rnm xat24cr x1mh8g0r x1vvkbs xtlvy1s x126k92a\"><div dir=\"auto\">Jazz\u00a0<\/div><div dir=\"auto\">Crois\u00e9 Berger Allemand m\u00e2le de 5 ans &#8211; 43 Kg<\/div><\/div><div class=\"x11i5rnm xat24cr x1mh8g0r x1vvkbs xtlvy1s x126k92a\"><div dir=\"auto\">\u00c0 l\u2019adoption dans le 06, ou proches alentours<\/div><\/div><p>JAZZ se trouve actuellement \u00e0 la pension MINLA \u00e0 Sigale le temps de lui trouver sa famille pour la vie. Possibilit\u00e9 de se d\u00e9placer pour une pr\u00e9sentation.<\/p><p>Si vous ne pouvez pas adopter, vous pouvez \u00e9galement parrainer JAZZ pour nous aider au paiement de sa pension selon le lien ci-apr\u00e8s.<\/p><div class=\"x11i5rnm xat24cr x1mh8g0r x1vvkbs xtlvy1s x126k92a\"><div dir=\"auto\">Nous participons chaque mois pour 250\u20ac.<br \/>Si vous souhaitez parrainer Jazz, veuillez compl\u00e9ter : <a href=\"https:\/\/docs.google.com\/forms\/d\/e\/1FAIpQLSd-f6dh6nE0cAtDLtOQpOydw3qSmYyQlwEnusEYtt08gHoWAw\/viewform?usp=sf_link&amp;fbclid=IwZXh0bgNhZW0CMTAAAR18Qmzzk9fZpCRxIbW7EVji21NDRR6NAfFac84LwMSfZvSxcOS2LYffbn4_aem_AXSBh7GPoTewFvJCL3po-5kOFUmxmUePQ6SrgaQulSoWXazAIgm3wFcRADf6aso-F5Nux04zqu0QUR0IXkK01SPi\">Bulletin de parrainage<\/a><\/div><\/div><div class=\"x11i5rnm xat24cr x1mh8g0r x1vvkbs xtlvy1s x126k92a\"><div dir=\"auto\">\u00a0<\/div><\/div>\t\t\t\t\t\t<\/div>\n\t\t\t\t<\/div>\n\t\t\t\t\t<\/div>\n\t\t\t\t<\/div>\n\t\t<div class=\"elementor-element elementor-element-f5afbb3 e-flex e-con-boxed e-con e-parent\" data-id=\"f5afbb3\" data-element_type=\"container\" data-core-v316-plus=\"true\">\n\t\t\t\t\t<div class=\"e-con-inner\">\n\t\t\t\t<div class=\"elementor-element elementor-element-c48afcd elementor-widget elementor-widget-heading\" data-id=\"c48afcd\" data-element_type=\"widget\" data-widget_type=\"heading.default\">\n\t\t\t\t<div class=\"elementor-widget-container\">\n\t\t\t<h2 class=\"elementor-heading-title elementor-size-default\">Vanille <\/h2>\t\t<\/div>\n\t\t\t\t<\/div>\n\t\t\t\t\t<\/div>\n\t\t\t\t<\/div>\n\t\t<div class=\"elementor-element elementor-element-086ad0e e-flex e-con-boxed e-con e-parent\" data-id=\"086ad0e\" data-element_type=\"container\" data-core-v316-plus=\"true\">\n\t\t\t\t\t<div class=\"e-con-inner\">\n\t\t\t\t<div class=\"elementor-element elementor-element-797c279 elementor-widget elementor-widget-image\" data-id=\"797c279\" data-element_type=\"widget\" data-widget_type=\"image.default\">\n\t\t\t\t<div class=\"elementor-widget-container\">\n\t\t\t\t\t\t\t\t\t\t\t\t\t<img decoding=\"async\" width=\"240\" height=\"300\" src=\"https:\/\/pourlebonheurdesloulous.fr\/wp-content\/uploads\/2024\/05\/VANILLE-1-240x300.jpg\" class=\"attachment-medium size-medium wp-image-1923\" alt=\"\" srcset=\"https:\/\/pourlebonheurdesloulous.fr\/wp-content\/uploads\/2024\/05\/VANILLE-1-240x300.jpg 240w, https:\/\/pourlebonheurdesloulous.fr\/wp-content\/uploads\/2024\/05\/VANILLE-1-819x1024.jpg 819w, https:\/\/pourlebonheurdesloulous.fr\/wp-content\/uploads\/2024\/05\/VANILLE-1-768x960.jpg 768w, https:\/\/pourlebonheurdesloulous.fr\/wp-content\/uploads\/2024\/05\/VANILLE-1-1229x1536.jpg 1229w, https:\/\/pourlebonheurdesloulous.fr\/wp-content\/uploads\/2024\/05\/VANILLE-1-48x60.jpg 48w, https:\/\/pourlebonheurdesloulous.fr\/wp-content\/uploads\/2024\/05\/VANILLE-1.jpg 1412w\" sizes=\"(max-width: 240px) 100vw, 240px\" \/>\t\t\t\t\t\t\t\t\t\t\t\t\t<\/div>\n\t\t\t\t<\/div>\n\t\t\t\t<div class=\"elementor-element elementor-element-fcfbf93 elementor-widget elementor-widget-text-editor\" data-id=\"fcfbf93\" data-element_type=\"widget\" data-widget_type=\"text-editor.default\">\n\t\t\t\t<div class=\"elementor-widget-container\">\n\t\t\t\t\t\t\t<div class=\"xdj266r x11i5rnm xat24cr x1mh8g0r x1vvkbs x126k92a\"><div dir=\"auto\">Pour le Bonheur des Loulous a pris en charge dans l\u2019urgence cette jolie minette \u00ab\u00a0Vanille\u00a0\u00bb qui a 15 ans car sa maman ne pourra plus rentrer chez elle.<\/div><\/div><div class=\"x11i5rnm xat24cr x1mh8g0r x1vvkbs xtlvy1s x126k92a\"><div dir=\"auto\">Apr\u00e8s un bilan v\u00e9t\u00e9rinaire, Vanille pr\u00e9sente une maladie r\u00e9nale chronique, un souffle au c\u0153ur et de l\u2019arthrose\u2026<\/div><\/div><div class=\"x11i5rnm xat24cr x1mh8g0r x1vvkbs xtlvy1s x126k92a\"><div dir=\"auto\">Elle a donc besoin d\u2019une alimentation adapt\u00e9e et des soins.<\/div><\/div><div class=\"x11i5rnm xat24cr x1mh8g0r x1vvkbs xtlvy1s x126k92a\"><div dir=\"auto\">Nous proc\u00e9derons bient\u00f4t \u00e0 une \u00e9chographie cardiaque.<\/div><\/div><div class=\"x11i5rnm xat24cr x1mh8g0r x1vvkbs xtlvy1s x126k92a\"><div dir=\"auto\">Nous ferons tout ce qu\u2019il faut pour l\u2019accompagner du mieux possible jusqu\u2019au bout.<\/div><\/div><div class=\"x11i5rnm xat24cr x1mh8g0r x1vvkbs xtlvy1s x126k92a\"><div dir=\"auto\">\u00a0<\/div><\/div><div class=\"x11i5rnm xat24cr x1mh8g0r x1vvkbs xtlvy1s x126k92a\"><div dir=\"auto\">Un grand MERCI \u00e0 sa famille d\u2019accueil au grand c\u0153ur <span class=\"x3nfvp2 x1j61x8r x1fcty0u xdj266r xhhsvwb xat24cr xgzva0m xxymvpz xlup9mm x1kky2od\"><img loading=\"lazy\" decoding=\"async\" class=\"xz74otr\" src=\"https:\/\/static.xx.fbcdn.net\/images\/emoji.php\/v9\/tac\/1\/16\/2665.png\" alt=\"\u2665\ufe0f\" width=\"16\" height=\"16\" \/><\/span> qui a accept\u00e9 de nous aider pour Vanille, \u00e0 l\u2019heure o\u00f9 tout le monde nous demande des chatons.<\/div><div dir=\"auto\">\u00a0<\/div><\/div><div class=\"x11i5rnm xat24cr x1mh8g0r x1vvkbs xtlvy1s x126k92a\"><div dir=\"auto\">Vanille est un amour qui le lui rend bien avec des ronrons et des c\u00e2lins <span class=\"x3nfvp2 x1j61x8r x1fcty0u xdj266r xhhsvwb xat24cr xgzva0m xxymvpz xlup9mm x1kky2od\"><img loading=\"lazy\" decoding=\"async\" class=\"xz74otr\" src=\"https:\/\/static.xx.fbcdn.net\/images\/emoji.php\/v9\/tea\/1\/16\/1f970.png\" alt=\"\ud83e\udd70\" width=\"16\" height=\"16\" \/><\/span>.<\/div><div dir=\"auto\">\u00a0<\/div><div dir=\"auto\">Si vous souhaiter parrainer Vanille merci de compl\u00e9ter le formulaire :\u00a0<a href=\"https:\/\/docs.google.com\/forms\/d\/e\/1FAIpQLSd-f6dh6nE0cAtDLtOQpOydw3qSmYyQlwEnusEYtt08gHoWAw\/viewform?usp=sf_link\">Bulletin de parrainage<\/a><\/div><\/div>\t\t\t\t\t\t<\/div>\n\t\t\t\t<\/div>\n\t\t\t\t\t<\/div>\n\t\t\t\t<\/div>\n\t\t<div class=\"elementor-element elementor-element-12e276f e-flex e-con-boxed e-con e-parent\" data-id=\"12e276f\" data-element_type=\"container\" data-core-v316-plus=\"true\">\n\t\t\t\t\t<div class=\"e-con-inner\">\n\t\t\t\t<div class=\"elementor-element elementor-element-180092f elementor-widget elementor-widget-heading\" data-id=\"180092f\" data-element_type=\"widget\" data-widget_type=\"heading.default\">\n\t\t\t\t<div class=\"elementor-widget-container\">\n\t\t\t<h2 class=\"elementor-heading-title elementor-size-default\">Minette<\/h2>\t\t<\/div>\n\t\t\t\t<\/div>\n\t\t\t\t\t<\/div>\n\t\t\t\t<\/div>\n\t\t<div class=\"elementor-element elementor-element-a131330 e-flex e-con-boxed e-con e-parent\" data-id=\"a131330\" data-element_type=\"container\" data-core-v316-plus=\"true\">\n\t\t\t\t\t<div class=\"e-con-inner\">\n\t\t\t\t<div class=\"elementor-element elementor-element-c1823d3 elementor-widget elementor-widget-image\" data-id=\"c1823d3\" data-element_type=\"widget\" data-widget_type=\"image.default\">\n\t\t\t\t<div class=\"elementor-widget-container\">\n\t\t\t\t\t\t\t\t\t\t\t\t\t<img loading=\"lazy\" decoding=\"async\" width=\"240\" height=\"300\" src=\"https:\/\/pourlebonheurdesloulous.fr\/wp-content\/uploads\/2024\/05\/Minette-240x300.jpg\" class=\"attachment-medium size-medium wp-image-1936\" alt=\"\" srcset=\"https:\/\/pourlebonheurdesloulous.fr\/wp-content\/uploads\/2024\/05\/Minette-240x300.jpg 240w, https:\/\/pourlebonheurdesloulous.fr\/wp-content\/uploads\/2024\/05\/Minette-48x60.jpg 48w, https:\/\/pourlebonheurdesloulous.fr\/wp-content\/uploads\/2024\/05\/Minette.jpg 512w\" sizes=\"(max-width: 240px) 100vw, 240px\" \/>\t\t\t\t\t\t\t\t\t\t\t\t\t<\/div>\n\t\t\t\t<\/div>\n\t\t\t\t\t<\/div>\n\t\t\t\t<\/div>\n\t\t<div class=\"elementor-element elementor-element-2287b01 e-flex e-con-boxed e-con e-parent\" data-id=\"2287b01\" data-element_type=\"container\" data-core-v316-plus=\"true\">\n\t\t\t\t\t<div class=\"e-con-inner\">\n\t\t\t\t<div class=\"elementor-element elementor-element-9fc678f elementor-widget elementor-widget-text-editor\" data-id=\"9fc678f\" data-element_type=\"widget\" data-widget_type=\"text-editor.default\">\n\t\t\t\t<div class=\"elementor-widget-container\">\n\t\t\t\t\t\t\t<div class=\"html-div xe8uvvx xdj266r x11i5rnm xat24cr x1mh8g0r xexx8yu x4uap5 x18d9i69 xkhd6sd\"><div class=\"html-div xe8uvvx xdj266r x11i5rnm xat24cr x1mh8g0r xexx8yu x4uap5 x18d9i69 xkhd6sd\" dir=\"auto\"><div id=\":rje:\" class=\"x1iorvi4 x1pi30zi x1l90r2v x1swvt13\" data-ad-comet-preview=\"message\" data-ad-preview=\"message\"><div class=\"x78zum5 xdt5ytf xz62fqu x16ldp7u\"><div class=\"xu06os2 x1ok221b\"><div class=\"xdj266r x11i5rnm xat24cr x1mh8g0r x1vvkbs x126k92a\"><div dir=\"auto\">Minette, petite mis\u00e8re que nous avions sortie de la rue malade, il y a 2 ans.<\/div><\/div><div class=\"x11i5rnm xat24cr x1mh8g0r x1vvkbs xtlvy1s x126k92a\"><div dir=\"auto\">Minette a environ 10 ans \u00e0 pr\u00e9sent.<\/div><div dir=\"auto\">Elle se trouve en famille d\u2019accueil longue dur\u00e9e (tous les frais v\u00e9t\u00e9rinaires restent \u00e0 charge de l\u2019association).<\/div><div dir=\"auto\">Cela permet, lorsqu\u2019il y a des pathologies co\u00fbteuses, de faciliter les placements dans des familles aimantes jusqu\u2019\u00e0 la fin de leurs jours.<\/div><div dir=\"auto\">Elle \u00e9tait diagnostiqu\u00e9e avec un cancer pulmonaire.<\/div><\/div><div class=\"x11i5rnm xat24cr x1mh8g0r x1vvkbs xtlvy1s x126k92a\"><div dir=\"auto\">Puis l\u2019hiver dernier, alors qu\u2019elle avait repris des forces et du poids, nous avons fait faire des analyses plus pouss\u00e9es et sous anesth\u00e9sie.<\/div><div dir=\"auto\">Il s\u2019av\u00e8re que ses t\u00e2ches aux poumons sont li\u00e9es \u00e0 un important asthme chronique.<\/div><div dir=\"auto\"><p>Elle est soign\u00e9e en cons\u00e9quence et Annie prend toutes les pr\u00e9cautions pour \u00e9viter les allerg\u00e8nes (liti\u00e8re adapt\u00e9e, lessive adapt\u00e9e etc). Elle utilise \u00e9galement des compl\u00e9ments en naturopathie au traitement allopathique.<\/p><\/div><\/div><div class=\"x11i5rnm xat24cr x1mh8g0r x1vvkbs xtlvy1s x126k92a\"><div dir=\"auto\">Minette a pass\u00e9 sa vie dans la rue mais cherchait un foyer en essayant de rentrer chez les gens.<\/div><div dir=\"auto\">Minette est tr\u00e8s heureuse chez Annie , nous le constatons \u00e0 chacune de nos visites de suivi.<\/div><div dir=\"auto\">Elle n\u2019a jamais cherch\u00e9 \u00e0 sortir de l\u2019appartement. Une terrasse s\u00e9curis\u00e9e lui suffit largement.<\/div><\/div><div class=\"x11i5rnm xat24cr x1mh8g0r x1vvkbs xtlvy1s x126k92a\"><div dir=\"auto\">\u00a0<\/div><div dir=\"auto\">Minette est reconnaissante chaque jour envers sa bienfaitrice : des c\u00e2lins \u00e0 gogo! Elle est bavarde aussi.<\/div><\/div><div class=\"x11i5rnm xat24cr x1mh8g0r x1vvkbs xtlvy1s x126k92a\"><div dir=\"auto\">\u00a0<\/div><div dir=\"auto\">Si vous souhaitez parrainer Minette merci de compl\u00e9ter le formulaire :\u00a0<a href=\"https:\/\/docs.google.com\/forms\/d\/e\/1FAIpQLSd-f6dh6nE0cAtDLtOQpOydw3qSmYyQlwEnusEYtt08gHoWAw\/viewform?usp=sf_link\">Bulletin de parrainage<\/a><\/div><div dir=\"auto\">\u00a0<\/div><div dir=\"auto\">\u00a0<\/div><\/div><\/div><\/div><\/div><\/div><div id=\":rjf:\" class=\"html-div xe8uvvx xdj266r x11i5rnm xat24cr x1mh8g0r xexx8yu x4uap5 x18d9i69 xkhd6sd x1n2onr6\"><div class=\"html-div xe8uvvx xdj266r x11i5rnm xat24cr x1mh8g0r xexx8yu x4uap5 x18d9i69 xkhd6sd x1n2onr6\"><div class=\"x6s0dn4 x1jx94hy x78zum5 xdt5ytf x6ikm8r x10wlt62 x1n2onr6 xh8yej3\"><div class=\"xqtp20y x6ikm8r x10wlt62 x1n2onr6\"><div class=\"x10l6tqk x13vifvy\">\u00a0<\/div><\/div><\/div><\/div><\/div><\/div><div><div class=\"x168nmei x13lgxp2 x30kzoy x9jhf4c x6ikm8r x10wlt62\" data-visualcompletion=\"ignore-dynamic\"><div class=\"x1n2onr6\"><div class=\"x6s0dn4 xi81zsa x78zum5 x6prxxf x13a6bvl xvq8zen xdj266r xktsk01 xat24cr x1d52u69 x889kno x4uap5 x1a8lsjc xkhd6sd xdppsyt\"><div class=\"x9f619 x1n2onr6 x1ja2u2z x78zum5 x2lah0s x1qughib x1qjc9v5 xozqiw3 x1q0g3np xykv574 xbmpl8g x4cne27 xifccgj\">\u00a0<\/div><\/div><\/div><\/div><\/div>\t\t\t\t\t\t<\/div>\n\t\t\t\t<\/div>\n\t\t\t\t\t<\/div>\n\t\t\t\t<\/div>\n\t\t\t\t<\/div>\n\t\t","protected":false},"excerpt":{"rendered":"<p>LE PARRAINAGE DE NOS LOULOUS\u00a0 Vous ne pouvez pas adopter dans l\u2019imm\u00e9diat ?\u00a0 Faites une bonne action: PARRAINEZ ! Etre parrain ou marraine, c&rsquo;est agir concr\u00e8tement pour aider un animal: Certains animaux ne sont pas adoptables en raison de leur \u00e2ge et\/ou de leurs pathologies. Pour leur permettre de vivre dans de bonnes conditions, l\u2019association &hellip; <\/p>\n","protected":false},"author":1,"featured_media":0,"parent":0,"menu_order":0,"comment_status":"closed","ping_status":"closed","template":"","meta":{"footnotes":""},"_links":{"self":[{"href":"https:\/\/pourlebonheurdesloulous.fr\/index.php?rest_route=\/wp\/v2\/pages\/1718"}],"collection":[{"href":"https:\/\/pourlebonheurdesloulous.fr\/index.php?rest_route=\/wp\/v2\/pages"}],"about":[{"href":"https:\/\/pourlebonheurdesloulous.fr\/index.php?rest_route=\/wp\/v2\/types\/page"}],"author":[{"embeddable":true,"href":"https:\/\/pourlebonheurdesloulous.fr\/index.php?rest_route=\/wp\/v2\/users\/1"}],"replies":[{"embeddable":true,"href":"https:\/\/pourlebonheurdesloulous.fr\/index.php?rest_route=%2Fwp%2Fv2%2Fcomments&post=1718"}],"version-history":[{"count":49,"href":"https:\/\/pourlebonheurdesloulous.fr\/index.php?rest_route=\/wp\/v2\/pages\/1718\/revisions"}],"predecessor-version":[{"id":2300,"href":"https:\/\/pourlebonheurdesloulous.fr\/index.php?rest_route=\/wp\/v2\/pages\/1718\/revisions\/2300"}],"wp:attachment":[{"href":"https:\/\/pourlebonheurdesloulous.fr\/index.php?rest_route=%2Fwp%2Fv2%2Fmedia&parent=1718"}],"curies":[{"name":"wp","href":"https:\/\/api.w.org\/{rel}","templated":true}]}}