{"id":1716,"date":"2024-04-28T19:11:16","date_gmt":"2024-04-28T17:11:16","guid":{"rendered":"http:\/\/pourlebonheurdesloulous.fr\/?page_id=1716"},"modified":"2024-05-04T08:35:48","modified_gmt":"2024-05-04T06:35:48","slug":"devenir-benevole","status":"publish","type":"page","link":"https:\/\/pourlebonheurdesloulous.fr\/?page_id=1716","title":{"rendered":"Devenir B\u00e9n\u00e9vole"},"content":{"rendered":"\t\t<div data-elementor-type=\"wp-page\" data-elementor-id=\"1716\" class=\"elementor elementor-1716\">\n\t\t\t\t<div class=\"elementor-element elementor-element-f76bc67 e-flex e-con-boxed e-con e-parent\" data-id=\"f76bc67\" data-element_type=\"container\" data-core-v316-plus=\"true\">\n\t\t\t\t\t<div class=\"e-con-inner\">\n\t\t\t\t<div class=\"elementor-element elementor-element-be93b01 elementor-widget elementor-widget-heading\" data-id=\"be93b01\" data-element_type=\"widget\" data-widget_type=\"heading.default\">\n\t\t\t\t<div class=\"elementor-widget-container\">\n\t\t\t<style>\/*! elementor - v3.20.0 - 26-03-2024 *\/\n.elementor-heading-title{padding:0;margin:0;line-height:1}.elementor-widget-heading .elementor-heading-title[class*=elementor-size-]>a{color:inherit;font-size:inherit;line-height:inherit}.elementor-widget-heading .elementor-heading-title.elementor-size-small{font-size:15px}.elementor-widget-heading .elementor-heading-title.elementor-size-medium{font-size:19px}.elementor-widget-heading .elementor-heading-title.elementor-size-large{font-size:29px}.elementor-widget-heading .elementor-heading-title.elementor-size-xl{font-size:39px}.elementor-widget-heading .elementor-heading-title.elementor-size-xxl{font-size:59px}<\/style><h2 class=\"elementor-heading-title elementor-size-default\">Comment et pourquoi devenir b\u00e9n\u00e9vole ? <\/h2>\t\t<\/div>\n\t\t\t\t<\/div>\n\t\t\t\t\t<\/div>\n\t\t\t\t<\/div>\n\t\t<div class=\"elementor-element elementor-element-d287d8a e-flex e-con-boxed e-con e-parent\" data-id=\"d287d8a\" data-element_type=\"container\" data-core-v316-plus=\"true\">\n\t\t\t\t\t<div class=\"e-con-inner\">\n\t\t\t\t<div class=\"elementor-element elementor-element-da116a9 elementor-widget elementor-widget-text-editor\" data-id=\"da116a9\" data-element_type=\"widget\" data-widget_type=\"text-editor.default\">\n\t\t\t\t<div class=\"elementor-widget-container\">\n\t\t\t<style>\/*! elementor - v3.20.0 - 26-03-2024 *\/\n.elementor-widget-text-editor.elementor-drop-cap-view-stacked .elementor-drop-cap{background-color:#69727d;color:#fff}.elementor-widget-text-editor.elementor-drop-cap-view-framed .elementor-drop-cap{color:#69727d;border:3px solid;background-color:transparent}.elementor-widget-text-editor:not(.elementor-drop-cap-view-default) .elementor-drop-cap{margin-top:8px}.elementor-widget-text-editor:not(.elementor-drop-cap-view-default) .elementor-drop-cap-letter{width:1em;height:1em}.elementor-widget-text-editor .elementor-drop-cap{float:left;text-align:center;line-height:1;font-size:50px}.elementor-widget-text-editor .elementor-drop-cap-letter{display:inline-block}<\/style>\t\t\t\t\t\t\t\t\t\t<\/div>\n\t\t\t\t<\/div>\n\t\t\t\t<div class=\"elementor-element elementor-element-eb876e3 elementor-widget elementor-widget-text-editor\" data-id=\"eb876e3\" data-element_type=\"widget\" data-widget_type=\"text-editor.default\">\n\t\t\t\t<div class=\"elementor-widget-container\">\n\t\t\t\t\t\t\t<p>Pourquoi devenir b\u00e9n\u00e9vole ?<\/p>\n<ul>\n<li>J\u2019acquiers de l\u2019exp\u00e9rience<\/li>\n<li>J\u2019ai du temps libre<\/li>\n<li>Je me sens utile<\/li>\n<li>Je partage mes comp\u00e9tences<\/li>\n<li>Je fais de nouvelles rencontres<\/li>\n<\/ul>\n<p>En fonction de mes disponibilit\u00e9s :<\/p>\n<ul>\n<li>En semaine<\/li>\n<li>Le week-end<\/li>\n<li>Une fois par semaine<\/li>\n<li>Deux fois par mois<\/li>\n<li>Lors d\u2019\u00e9v\u00e8nements organis\u00e9s<\/li>\n<li>Ponctuellement si besoins<\/li>\n<\/ul>\n<p style=\"margin-top: 0pt; margin-bottom: 0pt; margin-left: 0in; direction: ltr; unicode-bidi: embed; word-break: normal;\">Quelles fonctions ?&nbsp;<\/p>\n<ul>\n<li>Participer \u00e0 nos collectes&nbsp; dans les supermarch\u00e9s et magasins<\/li>\n<li>Venir en soutien sur les \u00e9v\u00e8nements annuels<\/li>\n<\/ul>\t\t\t\t\t\t<\/div>\n\t\t\t\t<\/div>\n\t\t\t\t\t<\/div>\n\t\t\t\t<\/div>\n\t\t\t\t<\/div>\n\t\t","protected":false},"excerpt":{"rendered":"<p>Comment et pourquoi devenir b\u00e9n\u00e9vole ? Pourquoi devenir b\u00e9n\u00e9vole ? J\u2019acquiers de l\u2019exp\u00e9rience J\u2019ai du temps libre Je me sens utile Je partage mes comp\u00e9tences Je fais de nouvelles rencontres En fonction de mes disponibilit\u00e9s : En semaine Le week-end Une fois par semaine Deux fois par mois Lors d\u2019\u00e9v\u00e8nements organis\u00e9s Ponctuellement si besoins Quelles &hellip; <\/p>\n","protected":false},"author":1,"featured_media":0,"parent":0,"menu_order":0,"comment_status":"closed","ping_status":"closed","template":"","meta":{"footnotes":""},"_links":{"self":[{"href":"https:\/\/pourlebonheurdesloulous.fr\/index.php?rest_route=\/wp\/v2\/pages\/1716"}],"collection":[{"href":"https:\/\/pourlebonheurdesloulous.fr\/index.php?rest_route=\/wp\/v2\/pages"}],"about":[{"href":"https:\/\/pourlebonheurdesloulous.fr\/index.php?rest_route=\/wp\/v2\/types\/page"}],"author":[{"embeddable":true,"href":"https:\/\/pourlebonheurdesloulous.fr\/index.php?rest_route=\/wp\/v2\/users\/1"}],"replies":[{"embeddable":true,"href":"https:\/\/pourlebonheurdesloulous.fr\/index.php?rest_route=%2Fwp%2Fv2%2Fcomments&post=1716"}],"version-history":[{"count":10,"href":"https:\/\/pourlebonheurdesloulous.fr\/index.php?rest_route=\/wp\/v2\/pages\/1716\/revisions"}],"predecessor-version":[{"id":2182,"href":"https:\/\/pourlebonheurdesloulous.fr\/index.php?rest_route=\/wp\/v2\/pages\/1716\/revisions\/2182"}],"wp:attachment":[{"href":"https:\/\/pourlebonheurdesloulous.fr\/index.php?rest_route=%2Fwp%2Fv2%2Fmedia&parent=1716"}],"curies":[{"name":"wp","href":"https:\/\/api.w.org\/{rel}","templated":true}]}}