{"id":1673,"date":"2024-04-27T16:29:57","date_gmt":"2024-04-27T14:29:57","guid":{"rendered":"http:\/\/pourlebonheurdesloulous.fr\/?page_id=1673"},"modified":"2025-06-30T10:40:56","modified_gmt":"2025-06-30T08:40:56","slug":"partenaires","status":"publish","type":"page","link":"https:\/\/pourlebonheurdesloulous.fr\/?page_id=1673","title":{"rendered":"Partenaires"},"content":{"rendered":"\t\t<div data-elementor-type=\"wp-page\" data-elementor-id=\"1673\" class=\"elementor elementor-1673\">\n\t\t\t\t<div class=\"elementor-element elementor-element-4c0acf4 e-flex e-con-boxed e-con e-parent\" data-id=\"4c0acf4\" data-element_type=\"container\" data-core-v316-plus=\"true\">\n\t\t\t\t\t<div class=\"e-con-inner\">\n\t\t\t\t<div class=\"elementor-element elementor-element-f1fd50b elementor-widget elementor-widget-heading\" data-id=\"f1fd50b\" data-element_type=\"widget\" data-widget_type=\"heading.default\">\n\t\t\t\t<div class=\"elementor-widget-container\">\n\t\t\t<style>\/*! elementor - v3.20.0 - 26-03-2024 *\/\n.elementor-heading-title{padding:0;margin:0;line-height:1}.elementor-widget-heading .elementor-heading-title[class*=elementor-size-]>a{color:inherit;font-size:inherit;line-height:inherit}.elementor-widget-heading .elementor-heading-title.elementor-size-small{font-size:15px}.elementor-widget-heading .elementor-heading-title.elementor-size-medium{font-size:19px}.elementor-widget-heading .elementor-heading-title.elementor-size-large{font-size:29px}.elementor-widget-heading .elementor-heading-title.elementor-size-xl{font-size:39px}.elementor-widget-heading .elementor-heading-title.elementor-size-xxl{font-size:59px}<\/style><h2 class=\"elementor-heading-title elementor-size-default\">Ils nous soutiennent<\/h2>\t\t<\/div>\n\t\t\t\t<\/div>\n\t\t\t\t\t<\/div>\n\t\t\t\t<\/div>\n\t\t<div class=\"elementor-element elementor-element-4a95b21 e-flex e-con-boxed e-con e-parent\" data-id=\"4a95b21\" data-element_type=\"container\" data-core-v316-plus=\"true\">\n\t\t\t\t\t<div class=\"e-con-inner\">\n\t\t<div class=\"elementor-element elementor-element-b1e5989 e-con-full e-flex e-con e-child\" data-id=\"b1e5989\" data-element_type=\"container\">\n\t\t\t\t<div class=\"elementor-element elementor-element-f49dd2e elementor-widget elementor-widget-image\" data-id=\"f49dd2e\" data-element_type=\"widget\" data-widget_type=\"image.default\">\n\t\t\t\t<div class=\"elementor-widget-container\">\n\t\t\t<style>\/*! elementor - v3.20.0 - 26-03-2024 *\/\n.elementor-widget-image{text-align:center}.elementor-widget-image a{display:inline-block}.elementor-widget-image a img[src$=\".svg\"]{width:48px}.elementor-widget-image img{vertical-align:middle;display:inline-block}<\/style>\t\t\t\t\t\t\t<figure class=\"wp-caption\">\n\t\t\t\t\t\t\t\t\t\t\t<a href=\"https:\/\/www.maxizoo.fr\/stores\/maxi-zoo-la-trinite\/\">\n\t\t\t\t\t\t\t<img fetchpriority=\"high\" decoding=\"async\" width=\"300\" height=\"184\" src=\"https:\/\/pourlebonheurdesloulous.fr\/wp-content\/uploads\/2024\/04\/MAXI-ZOO2-300x184.jpg\" class=\"attachment-medium size-medium wp-image-1829\" alt=\"\" srcset=\"https:\/\/pourlebonheurdesloulous.fr\/wp-content\/uploads\/2024\/04\/MAXI-ZOO2-300x184.jpg 300w, https:\/\/pourlebonheurdesloulous.fr\/wp-content\/uploads\/2024\/04\/MAXI-ZOO2-1024x629.jpg 1024w, https:\/\/pourlebonheurdesloulous.fr\/wp-content\/uploads\/2024\/04\/MAXI-ZOO2-768x472.jpg 768w, https:\/\/pourlebonheurdesloulous.fr\/wp-content\/uploads\/2024\/04\/MAXI-ZOO2-98x60.jpg 98w, https:\/\/pourlebonheurdesloulous.fr\/wp-content\/uploads\/2024\/04\/MAXI-ZOO2.jpg 1125w\" sizes=\"(max-width: 300px) 100vw, 300px\" \/>\t\t\t\t\t\t\t\t<\/a>\n\t\t\t\t\t\t\t\t\t\t\t<figcaption class=\"widget-image-caption wp-caption-text\">Maxi Zoo La Trinit\u00e9<\/figcaption>\n\t\t\t\t\t\t\t\t\t\t<\/figure>\n\t\t\t\t\t\t\t<\/div>\n\t\t\t\t<\/div>\n\t\t\t\t<\/div>\n\t\t<div class=\"elementor-element elementor-element-6cbab32 e-con-full e-flex e-con e-child\" data-id=\"6cbab32\" data-element_type=\"container\">\n\t\t\t\t<div class=\"elementor-element elementor-element-203b315 elementor-widget elementor-widget-image\" data-id=\"203b315\" data-element_type=\"widget\" data-widget_type=\"image.default\">\n\t\t\t\t<div class=\"elementor-widget-container\">\n\t\t\t\t\t\t\t\t\t\t<figure class=\"wp-caption\">\n\t\t\t\t\t\t\t\t\t\t\t<a href=\"https:\/\/www.intermarche.com\/magasin?utm_source=gmb\">\n\t\t\t\t\t\t\t<img decoding=\"async\" width=\"212\" height=\"68\" src=\"https:\/\/pourlebonheurdesloulous.fr\/wp-content\/uploads\/2024\/04\/intermarche.png\" class=\"attachment-medium size-medium wp-image-1830\" alt=\"\" srcset=\"https:\/\/pourlebonheurdesloulous.fr\/wp-content\/uploads\/2024\/04\/intermarche.png 212w, https:\/\/pourlebonheurdesloulous.fr\/wp-content\/uploads\/2024\/04\/intermarche-187x60.png 187w\" sizes=\"(max-width: 212px) 100vw, 212px\" \/>\t\t\t\t\t\t\t\t<\/a>\n\t\t\t\t\t\t\t\t\t\t\t<figcaption class=\"widget-image-caption wp-caption-text\">Super Cantaron<\/figcaption>\n\t\t\t\t\t\t\t\t\t\t<\/figure>\n\t\t\t\t\t\t\t<\/div>\n\t\t\t\t<\/div>\n\t\t\t\t<\/div>\n\t\t<div class=\"elementor-element elementor-element-b9da9ec e-con-full e-flex e-con e-child\" data-id=\"b9da9ec\" data-element_type=\"container\">\n\t\t\t\t<div class=\"elementor-element elementor-element-2a572c8 elementor-widget elementor-widget-image\" data-id=\"2a572c8\" data-element_type=\"widget\" data-widget_type=\"image.default\">\n\t\t\t\t<div class=\"elementor-widget-container\">\n\t\t\t\t\t\t\t\t\t\t<figure class=\"wp-caption\">\n\t\t\t\t\t\t\t\t\t\t<img decoding=\"async\" width=\"150\" height=\"150\" src=\"https:\/\/pourlebonheurdesloulous.fr\/wp-content\/uploads\/2024\/04\/AUCAHN-TRINITE-150x150.jpg\" class=\"attachment-thumbnail size-thumbnail wp-image-1831\" alt=\"\" srcset=\"https:\/\/pourlebonheurdesloulous.fr\/wp-content\/uploads\/2024\/04\/AUCAHN-TRINITE-150x150.jpg 150w, https:\/\/pourlebonheurdesloulous.fr\/wp-content\/uploads\/2024\/04\/AUCAHN-TRINITE-300x300.jpg 300w, https:\/\/pourlebonheurdesloulous.fr\/wp-content\/uploads\/2024\/04\/AUCAHN-TRINITE-1024x1024.jpg 1024w, https:\/\/pourlebonheurdesloulous.fr\/wp-content\/uploads\/2024\/04\/AUCAHN-TRINITE-768x768.jpg 768w, https:\/\/pourlebonheurdesloulous.fr\/wp-content\/uploads\/2024\/04\/AUCAHN-TRINITE-435x435.jpg 435w, https:\/\/pourlebonheurdesloulous.fr\/wp-content\/uploads\/2024\/04\/AUCAHN-TRINITE-60x60.jpg 60w, https:\/\/pourlebonheurdesloulous.fr\/wp-content\/uploads\/2024\/04\/AUCAHN-TRINITE.jpg 1111w\" sizes=\"(max-width: 150px) 100vw, 150px\" \/>\t\t\t\t\t\t\t\t\t\t\t<figcaption class=\"widget-image-caption wp-caption-text\">Auchan Hypermarch\u00e9 Nice Cote D'azur<\/figcaption>\n\t\t\t\t\t\t\t\t\t\t<\/figure>\n\t\t\t\t\t\t\t<\/div>\n\t\t\t\t<\/div>\n\t\t\t\t<\/div>\n\t\t<div class=\"elementor-element elementor-element-64bdb56 e-con-full e-flex e-con e-child\" data-id=\"64bdb56\" data-element_type=\"container\">\n\t\t\t\t<div class=\"elementor-element elementor-element-3320afa elementor-widget elementor-widget-image\" data-id=\"3320afa\" data-element_type=\"widget\" data-widget_type=\"image.default\">\n\t\t\t\t<div class=\"elementor-widget-container\">\n\t\t\t\t\t\t\t\t\t\t<figure class=\"wp-caption\">\n\t\t\t\t\t\t\t\t\t\t\t<a href=\"https:\/\/www.facebook.com\/profile.php?id=100057314445356&#038;locale=fr_FR\">\n\t\t\t\t\t\t\t<img loading=\"lazy\" decoding=\"async\" width=\"150\" height=\"150\" src=\"https:\/\/pourlebonheurdesloulous.fr\/wp-content\/uploads\/2024\/04\/spar1-150x150.jpg\" class=\"attachment-thumbnail size-thumbnail wp-image-1868\" alt=\"\" srcset=\"https:\/\/pourlebonheurdesloulous.fr\/wp-content\/uploads\/2024\/04\/spar1-150x150.jpg 150w, https:\/\/pourlebonheurdesloulous.fr\/wp-content\/uploads\/2024\/04\/spar1-59x60.jpg 59w\" sizes=\"(max-width: 150px) 100vw, 150px\" \/>\t\t\t\t\t\t\t\t<\/a>\n\t\t\t\t\t\t\t\t\t\t\t<figcaption class=\"widget-image-caption wp-caption-text\">Spar de l'Escar\u00e8ne <\/figcaption>\n\t\t\t\t\t\t\t\t\t\t<\/figure>\n\t\t\t\t\t\t\t<\/div>\n\t\t\t\t<\/div>\n\t\t\t\t<\/div>\n\t\t\t\t\t<\/div>\n\t\t\t\t<\/div>\n\t\t<div class=\"elementor-element elementor-element-a80b5bb e-flex e-con-boxed e-con e-parent\" data-id=\"a80b5bb\" data-element_type=\"container\" data-core-v316-plus=\"true\">\n\t\t\t\t\t<div class=\"e-con-inner\">\n\t\t<div class=\"elementor-element elementor-element-070f94a e-con-full e-flex e-con e-child\" data-id=\"070f94a\" data-element_type=\"container\">\n\t\t\t\t<div class=\"elementor-element elementor-element-8985837 elementor-widget elementor-widget-image\" data-id=\"8985837\" data-element_type=\"widget\" data-widget_type=\"image.default\">\n\t\t\t\t<div class=\"elementor-widget-container\">\n\t\t\t\t\t\t\t\t\t\t<figure class=\"wp-caption\">\n\t\t\t\t\t\t\t\t\t\t\t<a href=\"https:\/\/www.gammvert.fr\/magasins\/magasin-de-contes?utm_source=GMB&#038;utm_campaign=Multidiffusion&#038;utm_medium=local&#038;utm_content=1025789\">\n\t\t\t\t\t\t\t<img loading=\"lazy\" decoding=\"async\" width=\"247\" height=\"72\" src=\"https:\/\/pourlebonheurdesloulous.fr\/wp-content\/uploads\/2024\/04\/gamm-vert.png\" class=\"attachment-medium size-medium wp-image-1839\" alt=\"\" srcset=\"https:\/\/pourlebonheurdesloulous.fr\/wp-content\/uploads\/2024\/04\/gamm-vert.png 247w, https:\/\/pourlebonheurdesloulous.fr\/wp-content\/uploads\/2024\/04\/gamm-vert-206x60.png 206w\" sizes=\"(max-width: 247px) 100vw, 247px\" \/>\t\t\t\t\t\t\t\t<\/a>\n\t\t\t\t\t\t\t\t\t\t\t<figcaption class=\"widget-image-caption wp-caption-text\">GAMM VERT La Pointe de CONTES<\/figcaption>\n\t\t\t\t\t\t\t\t\t\t<\/figure>\n\t\t\t\t\t\t\t<\/div>\n\t\t\t\t<\/div>\n\t\t\t\t<\/div>\n\t\t<div class=\"elementor-element elementor-element-be5e8c2 e-con-full e-flex e-con e-child\" data-id=\"be5e8c2\" data-element_type=\"container\">\n\t\t\t\t<div class=\"elementor-element elementor-element-aeb349e elementor-widget elementor-widget-image\" data-id=\"aeb349e\" data-element_type=\"widget\" data-widget_type=\"image.default\">\n\t\t\t\t<div class=\"elementor-widget-container\">\n\t\t\t\t\t\t\t\t\t\t<figure class=\"wp-caption\">\n\t\t\t\t\t\t\t\t\t\t\t<a href=\"https:\/\/www.edhec.edu\/fr?fbclid=IwZXh0bgNhZW0CMTAAAR0e9XFjG7ThJEEENlLMxUvYRbXe5yB3mnc4hY42PqVSeTNFNwjBUFp4rrs_aem_AflHq2zCYDrROvVxmqqbQrMxh0E5mSpjqIP7FzdR0a-IxN7V6eoJLSjTHTsBbLSPM0KuRvvJay2mrwLgjlzTFuaU\">\n\t\t\t\t\t\t\t<img loading=\"lazy\" decoding=\"async\" width=\"281\" height=\"97\" src=\"https:\/\/pourlebonheurdesloulous.fr\/wp-content\/uploads\/2024\/04\/EDHEC.png\" class=\"attachment-medium size-medium wp-image-1854\" alt=\"\" srcset=\"https:\/\/pourlebonheurdesloulous.fr\/wp-content\/uploads\/2024\/04\/EDHEC.png 281w, https:\/\/pourlebonheurdesloulous.fr\/wp-content\/uploads\/2024\/04\/EDHEC-174x60.png 174w\" sizes=\"(max-width: 281px) 100vw, 281px\" \/>\t\t\t\t\t\t\t\t<\/a>\n\t\t\t\t\t\t\t\t\t\t\t<figcaption class=\"widget-image-caption wp-caption-text\">EDHEC Business School <\/figcaption>\n\t\t\t\t\t\t\t\t\t\t<\/figure>\n\t\t\t\t\t\t\t<\/div>\n\t\t\t\t<\/div>\n\t\t\t\t<\/div>\n\t\t<div class=\"elementor-element elementor-element-26c3953 e-con-full e-flex e-con e-child\" data-id=\"26c3953\" data-element_type=\"container\">\n\t\t\t\t<\/div>\n\t\t<div class=\"elementor-element elementor-element-f016f4d e-con-full e-flex e-con e-child\" data-id=\"f016f4d\" data-element_type=\"container\">\n\t\t\t\t<\/div>\n\t\t\t\t\t<\/div>\n\t\t\t\t<\/div>\n\t\t<div class=\"elementor-element elementor-element-87faf25 e-flex e-con-boxed e-con e-parent\" data-id=\"87faf25\" data-element_type=\"container\" data-core-v316-plus=\"true\">\n\t\t\t\t\t<div class=\"e-con-inner\">\n\t\t<div class=\"elementor-element elementor-element-2a897ef e-con-full e-flex e-con e-child\" data-id=\"2a897ef\" data-element_type=\"container\">\n\t\t\t\t<div class=\"elementor-element elementor-element-5f86318 elementor-widget elementor-widget-image\" data-id=\"5f86318\" data-element_type=\"widget\" data-widget_type=\"image.default\">\n\t\t\t\t<div class=\"elementor-widget-container\">\n\t\t\t\t\t\t\t\t\t\t<figure class=\"wp-caption\">\n\t\t\t\t\t\t\t\t\t\t\t<a href=\"https:\/\/www.facebook.com\/profile.php?id=100093077014810&#038;locale=fr_FR\">\n\t\t\t\t\t\t\t<img loading=\"lazy\" decoding=\"async\" width=\"150\" height=\"150\" src=\"https:\/\/pourlebonheurdesloulous.fr\/wp-content\/uploads\/2024\/04\/354563532_130578653388035_192604177806772703_n-150x150.jpg\" class=\"attachment-thumbnail size-thumbnail wp-image-1853\" alt=\"\" srcset=\"https:\/\/pourlebonheurdesloulous.fr\/wp-content\/uploads\/2024\/04\/354563532_130578653388035_192604177806772703_n-150x150.jpg 150w, https:\/\/pourlebonheurdesloulous.fr\/wp-content\/uploads\/2024\/04\/354563532_130578653388035_192604177806772703_n-300x300.jpg 300w, https:\/\/pourlebonheurdesloulous.fr\/wp-content\/uploads\/2024\/04\/354563532_130578653388035_192604177806772703_n-1024x1024.jpg 1024w, https:\/\/pourlebonheurdesloulous.fr\/wp-content\/uploads\/2024\/04\/354563532_130578653388035_192604177806772703_n-768x768.jpg 768w, https:\/\/pourlebonheurdesloulous.fr\/wp-content\/uploads\/2024\/04\/354563532_130578653388035_192604177806772703_n-435x435.jpg 435w, https:\/\/pourlebonheurdesloulous.fr\/wp-content\/uploads\/2024\/04\/354563532_130578653388035_192604177806772703_n-60x60.jpg 60w, https:\/\/pourlebonheurdesloulous.fr\/wp-content\/uploads\/2024\/04\/354563532_130578653388035_192604177806772703_n.jpg 1200w\" sizes=\"(max-width: 150px) 100vw, 150px\" \/>\t\t\t\t\t\t\t\t<\/a>\n\t\t\t\t\t\t\t\t\t\t\t<figcaption class=\"widget-image-caption wp-caption-text\">The animal house rescue<\/figcaption>\n\t\t\t\t\t\t\t\t\t\t<\/figure>\n\t\t\t\t\t\t\t<\/div>\n\t\t\t\t<\/div>\n\t\t\t\t<\/div>\n\t\t<div class=\"elementor-element elementor-element-2ee6d10 e-con-full e-flex e-con e-child\" data-id=\"2ee6d10\" data-element_type=\"container\">\n\t\t\t\t<div class=\"elementor-element elementor-element-e472993 elementor-widget elementor-widget-image\" data-id=\"e472993\" data-element_type=\"widget\" data-widget_type=\"image.default\">\n\t\t\t\t<div class=\"elementor-widget-container\">\n\t\t\t\t\t\t\t\t\t\t<figure class=\"wp-caption\">\n\t\t\t\t\t\t\t\t\t\t\t<a href=\"https:\/\/www.facebook.com\/agirpourleschiensdelilemaurice?locale=fr_FR\">\n\t\t\t\t\t\t\t<img loading=\"lazy\" decoding=\"async\" width=\"150\" height=\"150\" src=\"https:\/\/pourlebonheurdesloulous.fr\/wp-content\/uploads\/2024\/04\/Agir-pour-les-chiens-de-lIle-Maurice-150x150.jpg\" class=\"attachment-thumbnail size-thumbnail wp-image-1851\" alt=\"\" srcset=\"https:\/\/pourlebonheurdesloulous.fr\/wp-content\/uploads\/2024\/04\/Agir-pour-les-chiens-de-lIle-Maurice-150x150.jpg 150w, https:\/\/pourlebonheurdesloulous.fr\/wp-content\/uploads\/2024\/04\/Agir-pour-les-chiens-de-lIle-Maurice-300x300.jpg 300w, https:\/\/pourlebonheurdesloulous.fr\/wp-content\/uploads\/2024\/04\/Agir-pour-les-chiens-de-lIle-Maurice-768x768.jpg 768w, https:\/\/pourlebonheurdesloulous.fr\/wp-content\/uploads\/2024\/04\/Agir-pour-les-chiens-de-lIle-Maurice-435x435.jpg 435w, https:\/\/pourlebonheurdesloulous.fr\/wp-content\/uploads\/2024\/04\/Agir-pour-les-chiens-de-lIle-Maurice-60x60.jpg 60w, https:\/\/pourlebonheurdesloulous.fr\/wp-content\/uploads\/2024\/04\/Agir-pour-les-chiens-de-lIle-Maurice.jpg 960w\" sizes=\"(max-width: 150px) 100vw, 150px\" \/>\t\t\t\t\t\t\t\t<\/a>\n\t\t\t\t\t\t\t\t\t\t\t<figcaption class=\"widget-image-caption wp-caption-text\">Agir pour les chiens de l\u2019\u00eele Maurice<\/figcaption>\n\t\t\t\t\t\t\t\t\t\t<\/figure>\n\t\t\t\t\t\t\t<\/div>\n\t\t\t\t<\/div>\n\t\t\t\t<\/div>\n\t\t<div class=\"elementor-element elementor-element-df8e8bb e-con-full e-flex e-con e-child\" data-id=\"df8e8bb\" data-element_type=\"container\">\n\t\t\t\t<div class=\"elementor-element elementor-element-d015668 elementor-widget elementor-widget-image\" data-id=\"d015668\" data-element_type=\"widget\" data-widget_type=\"image.default\">\n\t\t\t\t<div class=\"elementor-widget-container\">\n\t\t\t\t\t\t\t\t\t\t<figure class=\"wp-caption\">\n\t\t\t\t\t\t\t\t\t\t\t<a href=\"https:\/\/www.facebook.com\/Pet.Alert.Fr.06?locale=fr_FR\">\n\t\t\t\t\t\t\t<img loading=\"lazy\" decoding=\"async\" width=\"150\" height=\"150\" src=\"https:\/\/pourlebonheurdesloulous.fr\/wp-content\/uploads\/2024\/04\/347780293_1237015326961641_6227203754040677522_n-150x150.png\" class=\"attachment-thumbnail size-thumbnail wp-image-1852\" alt=\"\" srcset=\"https:\/\/pourlebonheurdesloulous.fr\/wp-content\/uploads\/2024\/04\/347780293_1237015326961641_6227203754040677522_n-150x150.png 150w, https:\/\/pourlebonheurdesloulous.fr\/wp-content\/uploads\/2024\/04\/347780293_1237015326961641_6227203754040677522_n-300x300.png 300w, https:\/\/pourlebonheurdesloulous.fr\/wp-content\/uploads\/2024\/04\/347780293_1237015326961641_6227203754040677522_n-435x435.png 435w, https:\/\/pourlebonheurdesloulous.fr\/wp-content\/uploads\/2024\/04\/347780293_1237015326961641_6227203754040677522_n-60x60.png 60w, https:\/\/pourlebonheurdesloulous.fr\/wp-content\/uploads\/2024\/04\/347780293_1237015326961641_6227203754040677522_n.png 600w\" sizes=\"(max-width: 150px) 100vw, 150px\" \/>\t\t\t\t\t\t\t\t<\/a>\n\t\t\t\t\t\t\t\t\t\t\t<figcaption class=\"widget-image-caption wp-caption-text\">Pet Alert Alpes-Maritimes 06<\/figcaption>\n\t\t\t\t\t\t\t\t\t\t<\/figure>\n\t\t\t\t\t\t\t<\/div>\n\t\t\t\t<\/div>\n\t\t\t\t<\/div>\n\t\t<div class=\"elementor-element elementor-element-848912e e-con-full e-flex e-con e-child\" data-id=\"848912e\" data-element_type=\"container\">\n\t\t\t\t<\/div>\n\t\t\t\t\t<\/div>\n\t\t\t\t<\/div>\n\t\t<div class=\"elementor-element elementor-element-96c858e e-flex e-con-boxed e-con e-parent\" data-id=\"96c858e\" data-element_type=\"container\" data-core-v316-plus=\"true\">\n\t\t\t\t\t<div class=\"e-con-inner\">\n\t\t\t\t<div class=\"elementor-element elementor-element-22b23be elementor-widget elementor-widget-heading\" data-id=\"22b23be\" data-element_type=\"widget\" data-widget_type=\"heading.default\">\n\t\t\t\t<div class=\"elementor-widget-container\">\n\t\t\t<h2 class=\"elementor-heading-title elementor-size-default\">Pensions et \u00e9ducateurs canin<\/h2>\t\t<\/div>\n\t\t\t\t<\/div>\n\t\t\t\t\t<\/div>\n\t\t\t\t<\/div>\n\t\t<div class=\"elementor-element elementor-element-c3b559e e-flex e-con-boxed e-con e-parent\" data-id=\"c3b559e\" data-element_type=\"container\" data-core-v316-plus=\"true\">\n\t\t\t\t\t<div class=\"e-con-inner\">\n\t\t<div class=\"elementor-element elementor-element-201f330 e-con-full e-flex e-con e-child\" data-id=\"201f330\" data-element_type=\"container\">\n\t\t\t\t<div class=\"elementor-element elementor-element-15bd1c5 elementor-widget elementor-widget-image\" data-id=\"15bd1c5\" data-element_type=\"widget\" data-widget_type=\"image.default\">\n\t\t\t\t<div class=\"elementor-widget-container\">\n\t\t\t\t\t\t\t\t\t\t<figure class=\"wp-caption\">\n\t\t\t\t\t\t\t\t\t\t\t<a href=\"https:\/\/www.minlaeducation-06.fr\/\">\n\t\t\t\t\t\t\t<img loading=\"lazy\" decoding=\"async\" width=\"150\" height=\"150\" src=\"https:\/\/pourlebonheurdesloulous.fr\/wp-content\/uploads\/2024\/05\/MINLA-EDUCATION-150x150.png\" class=\"attachment-thumbnail size-thumbnail wp-image-1954\" alt=\"\" srcset=\"https:\/\/pourlebonheurdesloulous.fr\/wp-content\/uploads\/2024\/05\/MINLA-EDUCATION-150x150.png 150w, https:\/\/pourlebonheurdesloulous.fr\/wp-content\/uploads\/2024\/05\/MINLA-EDUCATION-435x435.png 435w\" sizes=\"(max-width: 150px) 100vw, 150px\" \/>\t\t\t\t\t\t\t\t<\/a>\n\t\t\t\t\t\t\t\t\t\t\t<figcaption class=\"widget-image-caption wp-caption-text\">Minla Education<\/figcaption>\n\t\t\t\t\t\t\t\t\t\t<\/figure>\n\t\t\t\t\t\t\t<\/div>\n\t\t\t\t<\/div>\n\t\t\t\t<\/div>\n\t\t<div class=\"elementor-element elementor-element-58aa6f7 e-con-full e-flex e-con e-child\" data-id=\"58aa6f7\" data-element_type=\"container\">\n\t\t\t\t<div class=\"elementor-element elementor-element-b0dc711 elementor-widget elementor-widget-image\" data-id=\"b0dc711\" data-element_type=\"widget\" data-widget_type=\"image.default\">\n\t\t\t\t<div class=\"elementor-widget-container\">\n\t\t\t\t\t\t\t\t\t\t<figure class=\"wp-caption\">\n\t\t\t\t\t\t\t\t\t\t\t<a href=\"https:\/\/www.facebook.com\/profile.php?id=100088600622081\">\n\t\t\t\t\t\t\t<img loading=\"lazy\" decoding=\"async\" width=\"150\" height=\"150\" src=\"https:\/\/pourlebonheurdesloulous.fr\/wp-content\/uploads\/2024\/05\/PENSION-MINLA-150x150.jpg\" class=\"attachment-thumbnail size-thumbnail wp-image-1962\" alt=\"\" srcset=\"https:\/\/pourlebonheurdesloulous.fr\/wp-content\/uploads\/2024\/05\/PENSION-MINLA-150x150.jpg 150w, https:\/\/pourlebonheurdesloulous.fr\/wp-content\/uploads\/2024\/05\/PENSION-MINLA-435x435.jpg 435w, https:\/\/pourlebonheurdesloulous.fr\/wp-content\/uploads\/2024\/05\/PENSION-MINLA-61x60.jpg 61w\" sizes=\"(max-width: 150px) 100vw, 150px\" \/>\t\t\t\t\t\t\t\t<\/a>\n\t\t\t\t\t\t\t\t\t\t\t<figcaption class=\"widget-image-caption wp-caption-text\">Pension Minla City<\/figcaption>\n\t\t\t\t\t\t\t\t\t\t<\/figure>\n\t\t\t\t\t\t\t<\/div>\n\t\t\t\t<\/div>\n\t\t\t\t<\/div>\n\t\t<div class=\"elementor-element elementor-element-e825e72 e-con-full e-flex e-con e-child\" data-id=\"e825e72\" data-element_type=\"container\">\n\t\t\t\t<div class=\"elementor-element elementor-element-3683143 elementor-widget elementor-widget-image\" data-id=\"3683143\" data-element_type=\"widget\" data-widget_type=\"image.default\">\n\t\t\t\t<div class=\"elementor-widget-container\">\n\t\t\t\t\t\t\t\t\t\t<figure class=\"wp-caption\">\n\t\t\t\t\t\t\t\t\t\t\t<a href=\"https:\/\/www.gooneduc.com\/\">\n\t\t\t\t\t\t\t<img loading=\"lazy\" decoding=\"async\" width=\"168\" height=\"138\" src=\"https:\/\/pourlebonheurdesloulous.fr\/wp-content\/uploads\/2024\/05\/GOOD-EDUC.png\" class=\"attachment-medium size-medium wp-image-1966\" alt=\"\" srcset=\"https:\/\/pourlebonheurdesloulous.fr\/wp-content\/uploads\/2024\/05\/GOOD-EDUC.png 168w, https:\/\/pourlebonheurdesloulous.fr\/wp-content\/uploads\/2024\/05\/GOOD-EDUC-73x60.png 73w\" sizes=\"(max-width: 168px) 100vw, 168px\" \/>\t\t\t\t\t\t\t\t<\/a>\n\t\t\t\t\t\t\t\t\t\t\t<figcaption class=\"widget-image-caption wp-caption-text\">Good Educ<\/figcaption>\n\t\t\t\t\t\t\t\t\t\t<\/figure>\n\t\t\t\t\t\t\t<\/div>\n\t\t\t\t<\/div>\n\t\t\t\t<\/div>\n\t\t<div class=\"elementor-element elementor-element-2718552 e-con-full e-flex e-con e-child\" data-id=\"2718552\" data-element_type=\"container\">\n\t\t\t\t<div class=\"elementor-element elementor-element-4c10bac elementor-widget elementor-widget-image\" data-id=\"4c10bac\" data-element_type=\"widget\" data-widget_type=\"image.default\">\n\t\t\t\t<div class=\"elementor-widget-container\">\n\t\t\t\t\t\t\t\t\t\t<figure class=\"wp-caption\">\n\t\t\t\t\t\t\t\t\t\t\t<a href=\"https:\/\/www.facebook.com\/profile.php?id=61561675823252&#038;mibextid=wwXIfr&#038;rdid=DJUaYY2HPXpyTjJ0&#038;share_url=https%3A%2F%2Fwww.facebook.com%2Fshare%2F159r1wXZ2i%2F%3Fmibextid%3DwwXIfr\">\n\t\t\t\t\t\t\t<img loading=\"lazy\" decoding=\"async\" width=\"150\" height=\"150\" src=\"https:\/\/pourlebonheurdesloulous.fr\/wp-content\/uploads\/2025\/06\/Communication-animale-Soins-energetiques_20250529_180237_0000-150x150.png\" class=\"attachment-thumbnail size-thumbnail wp-image-3251\" alt=\"\" srcset=\"https:\/\/pourlebonheurdesloulous.fr\/wp-content\/uploads\/2025\/06\/Communication-animale-Soins-energetiques_20250529_180237_0000-150x150.png 150w, https:\/\/pourlebonheurdesloulous.fr\/wp-content\/uploads\/2025\/06\/Communication-animale-Soins-energetiques_20250529_180237_0000-435x435.png 435w\" sizes=\"(max-width: 150px) 100vw, 150px\" \/>\t\t\t\t\t\t\t\t<\/a>\n\t\t\t\t\t\t\t\t\t\t\t<figcaption class=\"widget-image-caption wp-caption-text\">SECRET ANIMAL<\/figcaption>\n\t\t\t\t\t\t\t\t\t\t<\/figure>\n\t\t\t\t\t\t\t<\/div>\n\t\t\t\t<\/div>\n\t\t\t\t<\/div>\n\t\t<div class=\"elementor-element elementor-element-7cc4fb6 e-con-full e-flex e-con e-child\" data-id=\"7cc4fb6\" data-element_type=\"container\">\n\t\t\t\t<\/div>\n\t\t<div class=\"elementor-element elementor-element-f95c594 e-con-full e-flex e-con e-child\" data-id=\"f95c594\" data-element_type=\"container\">\n\t\t\t\t<\/div>\n\t\t\t\t\t<\/div>\n\t\t\t\t<\/div>\n\t\t\t\t<\/div>\n\t\t","protected":false},"excerpt":{"rendered":"<p>Ils nous soutiennent Maxi Zoo La Trinit\u00e9 Super Cantaron Auchan Hypermarch\u00e9 Nice Cote D&rsquo;azur Spar de l&rsquo;Escar\u00e8ne GAMM VERT La Pointe de CONTES EDHEC Business School The animal house rescue Agir pour les chiens de l\u2019\u00eele Maurice Pet Alert Alpes-Maritimes 06 Pensions et \u00e9ducateurs canin Minla Education Pension Minla City Good Educ SECRET ANIMAL<\/p>\n","protected":false},"author":1,"featured_media":0,"parent":0,"menu_order":0,"comment_status":"closed","ping_status":"closed","template":"","meta":{"footnotes":""},"_links":{"self":[{"href":"https:\/\/pourlebonheurdesloulous.fr\/index.php?rest_route=\/wp\/v2\/pages\/1673"}],"collection":[{"href":"https:\/\/pourlebonheurdesloulous.fr\/index.php?rest_route=\/wp\/v2\/pages"}],"about":[{"href":"https:\/\/pourlebonheurdesloulous.fr\/index.php?rest_route=\/wp\/v2\/types\/page"}],"author":[{"embeddable":true,"href":"https:\/\/pourlebonheurdesloulous.fr\/index.php?rest_route=\/wp\/v2\/users\/1"}],"replies":[{"embeddable":true,"href":"https:\/\/pourlebonheurdesloulous.fr\/index.php?rest_route=%2Fwp%2Fv2%2Fcomments&post=1673"}],"version-history":[{"count":103,"href":"https:\/\/pourlebonheurdesloulous.fr\/index.php?rest_route=\/wp\/v2\/pages\/1673\/revisions"}],"predecessor-version":[{"id":3267,"href":"https:\/\/pourlebonheurdesloulous.fr\/index.php?rest_route=\/wp\/v2\/pages\/1673\/revisions\/3267"}],"wp:attachment":[{"href":"https:\/\/pourlebonheurdesloulous.fr\/index.php?rest_route=%2Fwp%2Fv2%2Fmedia&parent=1673"}],"curies":[{"name":"wp","href":"https:\/\/api.w.org\/{rel}","templated":true}]}}